{"id":93436,"date":"2021-04-28T12:49:03","date_gmt":"2021-04-28T10:48:40","guid":{"rendered":"https:\/\/store.ie.edu\/?post_type=product&#038;p=93436"},"modified":"2025-12-09T17:59:12","modified_gmt":"2025-12-09T16:59:12","slug":"ie-backpack","status":"publish","type":"product","link":"https:\/\/store.ie.edu\/es\/producto\/colaboraciones\/northface-es\/ie-backpack\/","title":{"rendered":"<b>Mochila Northface IE<\/b>"},"content":{"rendered":"<p>&nbsp;<\/p>\n<p class=\"\" data-start=\"126\" data-end=\"441\"><strong data-start=\"126\" data-end=\"140\">MATERIALES<\/strong><br data-start=\"140\" data-end=\"143\" \/>Tejido de poli\u00e9ster resistente<br data-start=\"177\" data-end=\"180\" \/>Bolsillo forrado en felpa para proteger dispositivos delicados<br data-start=\"246\" data-end=\"249\" \/>Paneles laterales de malla para mayor transpirabilidad<br data-start=\"307\" data-end=\"310\" \/>Compartimento acolchado para port\u00e1til de hasta 15&#8243;<br data-start=\"368\" data-end=\"371\" \/>Cierres reforzados y correas ajustables para comodidad y seguridad<\/p>\n<p class=\"\" data-start=\"443\" data-end=\"664\"><strong data-start=\"443\" data-end=\"455\">CUIDADOS<\/strong><br data-start=\"455\" data-end=\"458\" \/>Limpiar con un pa\u00f1o h\u00famedo<br data-start=\"488\" data-end=\"491\" \/>No lavar a m\u00e1quina ni usar secadora<br data-start=\"530\" data-end=\"533\" \/>Evitar productos de limpieza agresivos<br data-start=\"575\" data-end=\"578\" \/>No usar lej\u00eda ni planchar<br data-start=\"607\" data-end=\"610\" \/>Guardar en un lugar fresco y seco cuando no se use<\/p>\n<p>&nbsp;<\/p>\n<p>&nbsp;<\/p>\n","protected":false},"excerpt":{"rendered":"<p class=\"\" data-start=\"173\" data-end=\"386\">Mochila vers\u00e1til de The North Face con compartimento para port\u00e1til de 15&#8243;, bolsillo forrado para m\u00f3vil y cord\u00f3n el\u00e1stico externo para estilo y funcionalidad<br data-start=\"299\" data-end=\"302\" data-is-only-node=\"\" \/>Con capacidad de 27L, es ideal para el campus, el trabajo o viajar y est\u00e1 disponible solo en <strong>IE University Store<\/strong><\/p>\n","protected":false},"featured_media":93438,"comment_status":"open","ping_status":"closed","template":"","meta":{"_seopress_robots_primary_cat":"none","_seopress_titles_title":"","_seopress_titles_desc":"","_seopress_robots_index":""},"product_brand":[],"product_cat":[201,910,864,908,242,866,906],"product_tag":[747],"class_list":{"0":"post-93436","1":"product","2":"type-product","3":"status-publish","4":"has-post-thumbnail","6":"product_cat-accessorios","7":"product_cat-bestsellers-es","8":"product_cat-colaboraciones","9":"product_cat-esenciales-viaje","10":"product_cat-mochilas","11":"product_cat-northface-es","12":"product_cat-vida-campus","13":"product_tag-ie-es","15":"first","16":"instock","17":"taxable","18":"shipping-taxable","19":"purchasable","20":"product-type-simple","21":"thumb-has-effect","22":"prod-rating-off"},"_links":{"self":[{"href":"https:\/\/store.ie.edu\/es\/wp-json\/wp\/v2\/product\/93436","targetHints":{"allow":["GET"]}}],"collection":[{"href":"https:\/\/store.ie.edu\/es\/wp-json\/wp\/v2\/product"}],"about":[{"href":"https:\/\/store.ie.edu\/es\/wp-json\/wp\/v2\/types\/product"}],"replies":[{"embeddable":true,"href":"https:\/\/store.ie.edu\/es\/wp-json\/wp\/v2\/comments?post=93436"}],"wp:featuredmedia":[{"embeddable":true,"href":"https:\/\/store.ie.edu\/es\/wp-json\/wp\/v2\/media\/93438"}],"wp:attachment":[{"href":"https:\/\/store.ie.edu\/es\/wp-json\/wp\/v2\/media?parent=93436"}],"wp:term":[{"taxonomy":"product_brand","embeddable":true,"href":"https:\/\/store.ie.edu\/es\/wp-json\/wp\/v2\/product_brand?post=93436"},{"taxonomy":"product_cat","embeddable":true,"href":"https:\/\/store.ie.edu\/es\/wp-json\/wp\/v2\/product_cat?post=93436"},{"taxonomy":"product_tag","embeddable":true,"href":"https:\/\/store.ie.edu\/es\/wp-json\/wp\/v2\/product_tag?post=93436"}],"curies":[{"name":"wp","href":"https:\/\/api.w.org\/{rel}","templated":true}]}}