{"id":88216,"date":"2021-03-03T11:11:26","date_gmt":"2021-03-03T10:17:11","guid":{"rendered":"https:\/\/store.ie.edu\/?post_type=product&#038;p=88216"},"modified":"2023-02-16T11:37:45","modified_gmt":"2023-02-16T10:37:45","slug":"ie-cares-be-mask","status":"publish","type":"product","link":"https:\/\/store.ie.edu\/es\/producto\/accessorios\/generico\/ie-cares-be-mask\/","title":{"rendered":"IE Cares Be Mask"},"content":{"rendered":"","protected":false},"excerpt":{"rendered":"<p>Mascarilla higi\u00e9nica y reutilizable BEMASKPRO\u00ae, Tecnolog\u00eda a base de iones de plata, antiv\u00edrica y antibacteriana proporcionando protecci\u00f3n.<\/p>\n<p>&nbsp;<\/p>\n<p>Ensayos seg\u00fan ECWA 17553: 2020.<\/p>\n<p>&nbsp;<\/p>\n<p><em><strong>IMPORTANTE:<\/strong> Por razones de higiene no aceptamos devoluciones de este articulo.\u00a0<\/em><\/p>\n","protected":false},"featured_media":87746,"comment_status":"closed","ping_status":"closed","template":"","meta":{"_seopress_robots_primary_cat":"none","_seopress_titles_title":"","_seopress_titles_desc":"","_seopress_robots_index":""},"product_brand":[],"product_cat":[201,240,562,549],"product_tag":[747],"class_list":{"0":"post-88216","1":"product","2":"type-product","3":"status-publish","4":"has-post-thumbnail","6":"product_cat-accessorios","7":"product_cat-generico","8":"product_cat-new-in-es","9":"product_cat-reutiliza","10":"product_tag-ie-es","12":"first","13":"outofstock","14":"taxable","15":"shipping-taxable","16":"purchasable","17":"product-type-variable","18":"thumb-has-effect","19":"prod-rating-off"},"_links":{"self":[{"href":"https:\/\/store.ie.edu\/es\/wp-json\/wp\/v2\/product\/88216","targetHints":{"allow":["GET"]}}],"collection":[{"href":"https:\/\/store.ie.edu\/es\/wp-json\/wp\/v2\/product"}],"about":[{"href":"https:\/\/store.ie.edu\/es\/wp-json\/wp\/v2\/types\/product"}],"replies":[{"embeddable":true,"href":"https:\/\/store.ie.edu\/es\/wp-json\/wp\/v2\/comments?post=88216"}],"wp:featuredmedia":[{"embeddable":true,"href":"https:\/\/store.ie.edu\/es\/wp-json\/wp\/v2\/media\/87746"}],"wp:attachment":[{"href":"https:\/\/store.ie.edu\/es\/wp-json\/wp\/v2\/media?parent=88216"}],"wp:term":[{"taxonomy":"product_brand","embeddable":true,"href":"https:\/\/store.ie.edu\/es\/wp-json\/wp\/v2\/product_brand?post=88216"},{"taxonomy":"product_cat","embeddable":true,"href":"https:\/\/store.ie.edu\/es\/wp-json\/wp\/v2\/product_cat?post=88216"},{"taxonomy":"product_tag","embeddable":true,"href":"https:\/\/store.ie.edu\/es\/wp-json\/wp\/v2\/product_tag?post=88216"}],"curies":[{"name":"wp","href":"https:\/\/api.w.org\/{rel}","templated":true}]}}