{"id":62518,"date":"2020-05-27T12:58:18","date_gmt":"2020-05-27T10:58:45","guid":{"rendered":"https:\/\/store.ie.edu\/?post_type=product&#038;p=62518"},"modified":"2026-05-05T12:53:44","modified_gmt":"2026-05-05T10:53:44","slug":"oso-de-peluche-ie","status":"publish","type":"product","link":"https:\/\/store.ie.edu\/es\/producto\/ninos\/bebes\/oso-de-peluche-ie\/","title":{"rendered":"Oso de Peluche IE University"},"content":{"rendered":"<p data-start=\"1288\" data-end=\"1358\">El peluche IE University es un art\u00edculo sencillo pensado para regalar.<\/p>\n<p data-start=\"1360\" data-end=\"1525\">Con un acabado suave, incorpora una camiseta blanca con el logo de IE University. Su tama\u00f1o compacto y su dise\u00f1o limpio lo convierten en un recuerdo f\u00e1cil de llevar.<\/p>\n<p data-start=\"1527\" data-end=\"1582\">Un detalle ligero y vers\u00e1til para diferentes ocasiones.<\/p>\n<p data-start=\"1584\" data-end=\"1610\"><strong data-start=\"1584\" data-end=\"1610\">Caracter\u00edsticas clave:<\/strong><\/p>\n<ul data-start=\"1611\" data-end=\"1745\">\n<li data-section-id=\"gmjbfi\" data-start=\"1611\" data-end=\"1628\">Peluche suave<\/li>\n<li data-section-id=\"sh2te7\" data-start=\"1629\" data-end=\"1671\">Camiseta blanca con logo IE University<\/li>\n<li data-section-id=\"1q380jn\" data-start=\"1672\" data-end=\"1693\">Ligero y compacto<\/li>\n<li data-section-id=\"13gbx0e\" data-start=\"1694\" data-end=\"1714\">Apto como regalo<\/li>\n<li data-section-id=\"1k7a11n\" data-start=\"1715\" data-end=\"1745\">Dise\u00f1o sencillo y vers\u00e1til<\/li>\n<\/ul>\n","protected":false},"excerpt":{"rendered":"<p data-start=\"1166\" data-end=\"1217\">Peluche IE University con camiseta blanca con logo.<\/p>\n<p data-start=\"1219\" data-end=\"1255\">Suave, sencillo e ideal como regalo.<\/p>\n","protected":false},"featured_media":147071,"comment_status":"open","ping_status":"closed","template":"","meta":{"_seopress_robots_primary_cat":"none","_seopress_titles_title":"","_seopress_titles_desc":"","_seopress_robots_index":""},"product_brand":[],"product_cat":[395,201,341,240,228],"product_tag":[747],"class_list":{"0":"post-62518","1":"product","2":"type-product","3":"status-publish","4":"has-post-thumbnail","6":"product_cat-accesorios-ninos","7":"product_cat-accessorios","8":"product_cat-bebes","9":"product_cat-generico","10":"product_cat-ninos","11":"product_tag-ie-es","12":"pa_colour-marron","14":"first","15":"instock","16":"taxable","17":"shipping-taxable","18":"purchasable","19":"product-type-simple","20":"thumb-has-effect","21":"prod-rating-off"},"_links":{"self":[{"href":"https:\/\/store.ie.edu\/es\/wp-json\/wp\/v2\/product\/62518","targetHints":{"allow":["GET"]}}],"collection":[{"href":"https:\/\/store.ie.edu\/es\/wp-json\/wp\/v2\/product"}],"about":[{"href":"https:\/\/store.ie.edu\/es\/wp-json\/wp\/v2\/types\/product"}],"replies":[{"embeddable":true,"href":"https:\/\/store.ie.edu\/es\/wp-json\/wp\/v2\/comments?post=62518"}],"wp:featuredmedia":[{"embeddable":true,"href":"https:\/\/store.ie.edu\/es\/wp-json\/wp\/v2\/media\/147071"}],"wp:attachment":[{"href":"https:\/\/store.ie.edu\/es\/wp-json\/wp\/v2\/media?parent=62518"}],"wp:term":[{"taxonomy":"product_brand","embeddable":true,"href":"https:\/\/store.ie.edu\/es\/wp-json\/wp\/v2\/product_brand?post=62518"},{"taxonomy":"product_cat","embeddable":true,"href":"https:\/\/store.ie.edu\/es\/wp-json\/wp\/v2\/product_cat?post=62518"},{"taxonomy":"product_tag","embeddable":true,"href":"https:\/\/store.ie.edu\/es\/wp-json\/wp\/v2\/product_tag?post=62518"}],"curies":[{"name":"wp","href":"https:\/\/api.w.org\/{rel}","templated":true}]}}