{"id":61948,"date":"2020-05-21T11:55:41","date_gmt":"2020-05-21T09:55:41","guid":{"rendered":"https:\/\/store.ie.edu\/product\/sincategorizar\/camiseta-creator-ie-university\/"},"modified":"2026-04-28T17:16:46","modified_gmt":"2026-04-28T15:16:46","slug":"ie-university-womens-hoodie-3","status":"publish","type":"product","link":"https:\/\/store.ie.edu\/es\/producto\/hombre\/camisetas-hombre\/ie-university-womens-hoodie-3\/","title":{"rendered":"Camiseta IE University Creator"},"content":{"rendered":"<p data-start=\"1461\" data-end=\"1599\">La camiseta IE University Creator est\u00e1 fabricada en 100% algod\u00f3n org\u00e1nico, ofreciendo una textura suave y transpirable para el uso diario.<\/p>\n<p data-start=\"1601\" data-end=\"1735\">Su dise\u00f1o limpio y minimalista la convierte en una prenda f\u00e1cil de llevar dentro y fuera del campus, adapt\u00e1ndose a diferentes estilos.<\/p>\n<p data-start=\"1737\" data-end=\"1814\">Una pieza vers\u00e1til que integra la identidad de IE University en el d\u00eda a d\u00eda.<\/p>\n<p data-start=\"1816\" data-end=\"1842\"><strong data-start=\"1816\" data-end=\"1842\">Caracter\u00edsticas clave:<\/strong><\/p>\n<ul data-start=\"1843\" data-end=\"2008\">\n<li data-section-id=\"19y570w\" data-start=\"1843\" data-end=\"1868\">100% algod\u00f3n org\u00e1nico<\/li>\n<li data-section-id=\"1fqd0w9\" data-start=\"1869\" data-end=\"1901\">Tejido ligero y transpirable<\/li>\n<li data-section-id=\"o0qks1\" data-start=\"1902\" data-end=\"1917\">Tacto suave<\/li>\n<li data-section-id=\"1vheo3j\" data-start=\"1918\" data-end=\"1944\">Corte cl\u00e1sico y c\u00f3modo<\/li>\n<li data-section-id=\"7r3w2w\" data-start=\"1945\" data-end=\"1973\">Dise\u00f1o limpio y vers\u00e1til<\/li>\n<li data-section-id=\"1u1h1x4\" data-start=\"1974\" data-end=\"2008\">Logo IE University en el pecho<\/li>\n<\/ul>\n","protected":false},"excerpt":{"rendered":"<p data-start=\"1244\" data-end=\"1372\">Camiseta de IE University confeccionada en 100% algod\u00f3n org\u00e1nico, dise\u00f1ada para ofrecer comodidad y un estilo limpio y vers\u00e1til.<\/p>\n<p data-start=\"1374\" data-end=\"1427\">Ligera, suave e ideal para el campus y el uso diario.<\/p>\n","protected":false},"featured_media":62217,"comment_status":"open","ping_status":"closed","template":"","meta":{"_seopress_robots_primary_cat":"none","_seopress_titles_title":"","_seopress_titles_desc":"","_seopress_robots_index":""},"product_brand":[],"product_cat":[910,205,206,909,203,202,397],"product_tag":[747],"class_list":{"0":"post-61948","1":"product","2":"type-product","3":"status-publish","4":"has-post-thumbnail","6":"product_cat-bestsellers-es","7":"product_cat-camisetas-mujer","8":"product_cat-camisetas-hombre","9":"product_cat-esenciales-ie","10":"product_cat-hombre","11":"product_cat-mujer","12":"product_cat-unisex-es","13":"product_tag-ie-es","14":"pa_colour-blanco","15":"pa_colour-gris","16":"pa_colour-navy-es","18":"first","19":"instock","20":"taxable","21":"shipping-taxable","22":"purchasable","23":"product-type-variable","24":"thumb-has-effect","25":"prod-rating-off"},"_links":{"self":[{"href":"https:\/\/store.ie.edu\/es\/wp-json\/wp\/v2\/product\/61948","targetHints":{"allow":["GET"]}}],"collection":[{"href":"https:\/\/store.ie.edu\/es\/wp-json\/wp\/v2\/product"}],"about":[{"href":"https:\/\/store.ie.edu\/es\/wp-json\/wp\/v2\/types\/product"}],"replies":[{"embeddable":true,"href":"https:\/\/store.ie.edu\/es\/wp-json\/wp\/v2\/comments?post=61948"}],"wp:featuredmedia":[{"embeddable":true,"href":"https:\/\/store.ie.edu\/es\/wp-json\/wp\/v2\/media\/62217"}],"wp:attachment":[{"href":"https:\/\/store.ie.edu\/es\/wp-json\/wp\/v2\/media?parent=61948"}],"wp:term":[{"taxonomy":"product_brand","embeddable":true,"href":"https:\/\/store.ie.edu\/es\/wp-json\/wp\/v2\/product_brand?post=61948"},{"taxonomy":"product_cat","embeddable":true,"href":"https:\/\/store.ie.edu\/es\/wp-json\/wp\/v2\/product_cat?post=61948"},{"taxonomy":"product_tag","embeddable":true,"href":"https:\/\/store.ie.edu\/es\/wp-json\/wp\/v2\/product_tag?post=61948"}],"curies":[{"name":"wp","href":"https:\/\/api.w.org\/{rel}","templated":true}]}}