{"id":61919,"date":"2020-05-21T11:54:53","date_gmt":"2020-05-21T10:08:00","guid":{"rendered":"https:\/\/store.ie.edu\/product\/sincategorizar\/funda-ipad-ie\/"},"modified":"2025-04-11T17:49:58","modified_gmt":"2025-04-11T15:49:58","slug":"funda-ipad-ie","status":"publish","type":"product","link":"https:\/\/store.ie.edu\/es\/producto\/accessorios\/bolsas-fundas\/funda-ipad-ie\/","title":{"rendered":"<b>Funda IPad IE<\/b>"},"content":{"rendered":"<p class=\"\" data-start=\"228\" data-end=\"396\"><strong data-start=\"228\" data-end=\"242\">Materiales<\/strong><br data-start=\"242\" data-end=\"245\" \/>Tejido PET reciclado, elaborado a partir de botellas de pl\u00e1stico<br data-start=\"309\" data-end=\"312\" \/>Interior acolchado para mayor protecci\u00f3n<br data-start=\"352\" data-end=\"355\" \/>Exterior resistente y repelente al agua<\/p>\n<p class=\"\" data-start=\"398\" data-end=\"515\"><strong data-start=\"398\" data-end=\"410\">Cuidados<\/strong><br data-start=\"410\" data-end=\"413\" \/>Limpiar con un pa\u00f1o h\u00famedo<br data-start=\"439\" data-end=\"442\" \/>No lavar a m\u00e1quina<br data-start=\"460\" data-end=\"463\" \/>No usar lej\u00eda<br data-start=\"476\" data-end=\"479\" \/>No secar en secadora<br data-start=\"499\" data-end=\"502\" \/>No planchar<\/p>\n","protected":false},"excerpt":{"rendered":"<p class=\"\" data-start=\"313\" data-end=\"528\"><strong data-start=\"313\" data-end=\"354\">Dise\u00f1o funcional hecho con conciencia.<\/strong><br data-start=\"354\" data-end=\"357\" \/>Esta funda IE, creada por <strong data-start=\"383\" data-end=\"393\">Lefrik<\/strong>, est\u00e1 elaborada a partir de <strong data-start=\"422\" data-end=\"457\">botellas de pl\u00e1stico recicladas<\/strong>, ofreciendo una alternativa ecol\u00f3gica para proteger tu iPad con estilo.<\/p>\n<p class=\"\" data-start=\"530\" data-end=\"612\">Ligera, resistente y acolchada, es ideal para el d\u00eda a d\u00eda acad\u00e9mico o profesional.<\/p>\n<p class=\"\" data-start=\"614\" data-end=\"694\"><strong data-start=\"617\" data-end=\"694\">Disponible exclusivamente en IE Store.\u00a0 Protege lo esencial con prop\u00f3sito.<\/strong><\/p>\n","protected":false},"featured_media":61265,"comment_status":"open","ping_status":"closed","template":"","meta":{"_seopress_robots_primary_cat":"none","_seopress_titles_title":"","_seopress_titles_desc":"","_seopress_robots_index":""},"product_brand":[],"product_cat":[201,213,908,906],"product_tag":[747],"class_list":{"0":"post-61919","1":"product","2":"type-product","3":"status-publish","4":"has-post-thumbnail","6":"product_cat-accessorios","7":"product_cat-bolsas-fundas","8":"product_cat-esenciales-viaje","9":"product_cat-vida-campus","10":"product_tag-ie-es","12":"first","13":"instock","14":"taxable","15":"shipping-taxable","16":"purchasable","17":"product-type-simple","18":"thumb-has-effect","19":"prod-rating-off"},"_links":{"self":[{"href":"https:\/\/store.ie.edu\/es\/wp-json\/wp\/v2\/product\/61919","targetHints":{"allow":["GET"]}}],"collection":[{"href":"https:\/\/store.ie.edu\/es\/wp-json\/wp\/v2\/product"}],"about":[{"href":"https:\/\/store.ie.edu\/es\/wp-json\/wp\/v2\/types\/product"}],"replies":[{"embeddable":true,"href":"https:\/\/store.ie.edu\/es\/wp-json\/wp\/v2\/comments?post=61919"}],"wp:featuredmedia":[{"embeddable":true,"href":"https:\/\/store.ie.edu\/es\/wp-json\/wp\/v2\/media\/61265"}],"wp:attachment":[{"href":"https:\/\/store.ie.edu\/es\/wp-json\/wp\/v2\/media?parent=61919"}],"wp:term":[{"taxonomy":"product_brand","embeddable":true,"href":"https:\/\/store.ie.edu\/es\/wp-json\/wp\/v2\/product_brand?post=61919"},{"taxonomy":"product_cat","embeddable":true,"href":"https:\/\/store.ie.edu\/es\/wp-json\/wp\/v2\/product_cat?post=61919"},{"taxonomy":"product_tag","embeddable":true,"href":"https:\/\/store.ie.edu\/es\/wp-json\/wp\/v2\/product_tag?post=61919"}],"curies":[{"name":"wp","href":"https:\/\/api.w.org\/{rel}","templated":true}]}}