{"id":61905,"date":"2020-05-21T11:54:35","date_gmt":"2020-05-21T10:07:38","guid":{"rendered":"https:\/\/store.ie.edu\/product\/sincategorizar\/sudadera-con-capucha-spencer-ie-university\/"},"modified":"2025-11-04T08:14:47","modified_gmt":"2025-11-04T07:14:47","slug":"sudadera-con-capucha-spencer-ie-university","status":"publish","type":"product","link":"https:\/\/store.ie.edu\/es\/producto\/hombre\/sudaderas-hombre\/sudadera-con-capucha-spencer-ie-university\/","title":{"rendered":"<b>Sudadera con Capucha Spencer IE University<\/b>"},"content":{"rendered":"","protected":false},"excerpt":{"rendered":"<p class=\"\" data-start=\"514\" data-end=\"806\">M\u00e1s que una prenda, un s\u00edmbolo de pertenencia<br data-start=\"559\" data-end=\"562\" \/>Esta <strong data-start=\"567\" data-end=\"608\">sudadera con capucha de IE University<\/strong> representa el esp\u00edritu innovador y global de nuestra comunidad. Confeccionada en <strong data-start=\"690\" data-end=\"740\">80% algod\u00f3n org\u00e1nico y 20% poli\u00e9ster reciclado<\/strong>, ofrece suavidad, resistencia y compromiso con la sostenibilidad.<\/p>\n<p class=\"\" data-start=\"808\" data-end=\"936\">El logo de <strong data-start=\"819\" data-end=\"836\">IE University<\/strong> al frente refleja con orgullo tu v\u00ednculo con una instituci\u00f3n que impulsa el cambio y la excelencia.<\/p>\n<p data-start=\"808\" data-end=\"936\">Una prenda exclusiva de <strong>IE Store<\/strong>. <strong>Conecta con la esencia de IE a trav\u00e9s de esta prenda ic\u00f3nica<\/strong><\/p>\n","protected":false},"featured_media":61233,"comment_status":"open","ping_status":"closed","template":"","meta":{"_seopress_robots_primary_cat":"none","_seopress_titles_title":"","_seopress_titles_desc":"","_seopress_robots_index":""},"product_brand":[],"product_cat":[910,909,203,202,252,279,397],"product_tag":[747],"class_list":{"0":"post-61905","1":"product","2":"type-product","3":"status-publish","4":"has-post-thumbnail","6":"product_cat-bestsellers-es","7":"product_cat-esenciales-ie","8":"product_cat-hombre","9":"product_cat-mujer","10":"product_cat-sudaderas-hombre","11":"product_cat-sudaderas-mujer","12":"product_cat-unisex-es","13":"product_tag-ie-es","14":"pa_colour-gris","15":"pa_colour-navy-es","17":"first","18":"instock","19":"taxable","20":"shipping-taxable","21":"purchasable","22":"product-type-variable","23":"thumb-has-effect","24":"prod-rating-off"},"_links":{"self":[{"href":"https:\/\/store.ie.edu\/es\/wp-json\/wp\/v2\/product\/61905","targetHints":{"allow":["GET"]}}],"collection":[{"href":"https:\/\/store.ie.edu\/es\/wp-json\/wp\/v2\/product"}],"about":[{"href":"https:\/\/store.ie.edu\/es\/wp-json\/wp\/v2\/types\/product"}],"replies":[{"embeddable":true,"href":"https:\/\/store.ie.edu\/es\/wp-json\/wp\/v2\/comments?post=61905"}],"wp:featuredmedia":[{"embeddable":true,"href":"https:\/\/store.ie.edu\/es\/wp-json\/wp\/v2\/media\/61233"}],"wp:attachment":[{"href":"https:\/\/store.ie.edu\/es\/wp-json\/wp\/v2\/media?parent=61905"}],"wp:term":[{"taxonomy":"product_brand","embeddable":true,"href":"https:\/\/store.ie.edu\/es\/wp-json\/wp\/v2\/product_brand?post=61905"},{"taxonomy":"product_cat","embeddable":true,"href":"https:\/\/store.ie.edu\/es\/wp-json\/wp\/v2\/product_cat?post=61905"},{"taxonomy":"product_tag","embeddable":true,"href":"https:\/\/store.ie.edu\/es\/wp-json\/wp\/v2\/product_tag?post=61905"}],"curies":[{"name":"wp","href":"https:\/\/api.w.org\/{rel}","templated":true}]}}