{"id":61832,"date":"2020-05-21T11:53:41","date_gmt":"2020-05-21T10:06:32","guid":{"rendered":"https:\/\/store.ie.edu\/product\/sincategorizar\/babero-when-i-grow-up\/"},"modified":"2026-04-28T16:41:15","modified_gmt":"2026-04-28T14:41:15","slug":"babero-when-i-grow-up","status":"publish","type":"product","link":"https:\/\/store.ie.edu\/es\/producto\/ninos\/bebes\/babero-when-i-grow-up\/","title":{"rendered":"Babero &#8220;when I Grow Up\u2026&#8221;"},"content":{"rendered":"<p data-start=\"1385\" data-end=\"1531\">El babero de beb\u00e9 \u201cWhen I grow up\u2026\u201d de IE University est\u00e1 confeccionado en 100% algod\u00f3n, ofreciendo una textura suave y c\u00f3moda para el uso diario.<\/p>\n<p data-start=\"1533\" data-end=\"1703\">Su dise\u00f1o pr\u00e1ctico incluye cierre de velcro, que permite colocarlo y ajustarlo f\u00e1cilmente. Ligero y funcional, es ideal para acompa\u00f1ar a los m\u00e1s peque\u00f1os en su d\u00eda a d\u00eda.<\/p>\n<p data-start=\"1705\" data-end=\"1810\">Un accesorio sencillo y divertido que introduce el esp\u00edritu de IE University desde los primeros momentos.<\/p>\n<p data-start=\"1812\" data-end=\"1838\"><strong data-start=\"1812\" data-end=\"1838\">Caracter\u00edsticas clave:<\/strong><\/p>\n<ul data-start=\"1839\" data-end=\"1950\">\n<li data-section-id=\"au7wow\" data-start=\"1839\" data-end=\"1855\">100% algod\u00f3n<\/li>\n<li data-section-id=\"1hteb0l\" data-start=\"1856\" data-end=\"1881\">Tejido suave y c\u00f3modo<\/li>\n<li data-section-id=\"owjhya\" data-start=\"1882\" data-end=\"1902\">Cierre de velcro<\/li>\n<li data-section-id=\"rnf7i2\" data-start=\"1903\" data-end=\"1924\">Ligero y pr\u00e1ctico<\/li>\n<li data-section-id=\"12r249q\" data-start=\"1925\" data-end=\"1950\">Ideal para uso diario<\/li>\n<\/ul>\n<p data-start=\"1952\" data-end=\"1977\"><strong data-start=\"1952\" data-end=\"1964\">Medidas:<\/strong> 30 x 22 cm<\/p>\n","protected":false},"excerpt":{"rendered":"<p data-start=\"1200\" data-end=\"1298\">Babero de algod\u00f3n con dise\u00f1o \u201cWhen I grow up\u2026\u201d, pensado para el uso diario con un toque divertido.<\/p>\n<p data-start=\"1300\" data-end=\"1351\">Con cierre de velcro para un ajuste f\u00e1cil y c\u00f3modo.<\/p>\n","protected":false},"featured_media":133104,"comment_status":"open","ping_status":"closed","template":"","meta":{"_seopress_robots_primary_cat":"none","_seopress_titles_title":"","_seopress_titles_desc":"","_seopress_robots_index":""},"product_brand":[],"product_cat":[341,228],"product_tag":[747],"class_list":{"0":"post-61832","1":"product","2":"type-product","3":"status-publish","4":"has-post-thumbnail","6":"product_cat-bebes","7":"product_cat-ninos","8":"product_tag-ie-es","9":"pa_colour-blanco","11":"first","12":"instock","13":"taxable","14":"shipping-taxable","15":"purchasable","16":"product-type-simple","17":"thumb-has-effect","18":"prod-rating-off"},"_links":{"self":[{"href":"https:\/\/store.ie.edu\/es\/wp-json\/wp\/v2\/product\/61832","targetHints":{"allow":["GET"]}}],"collection":[{"href":"https:\/\/store.ie.edu\/es\/wp-json\/wp\/v2\/product"}],"about":[{"href":"https:\/\/store.ie.edu\/es\/wp-json\/wp\/v2\/types\/product"}],"replies":[{"embeddable":true,"href":"https:\/\/store.ie.edu\/es\/wp-json\/wp\/v2\/comments?post=61832"}],"wp:featuredmedia":[{"embeddable":true,"href":"https:\/\/store.ie.edu\/es\/wp-json\/wp\/v2\/media\/133104"}],"wp:attachment":[{"href":"https:\/\/store.ie.edu\/es\/wp-json\/wp\/v2\/media?parent=61832"}],"wp:term":[{"taxonomy":"product_brand","embeddable":true,"href":"https:\/\/store.ie.edu\/es\/wp-json\/wp\/v2\/product_brand?post=61832"},{"taxonomy":"product_cat","embeddable":true,"href":"https:\/\/store.ie.edu\/es\/wp-json\/wp\/v2\/product_cat?post=61832"},{"taxonomy":"product_tag","embeddable":true,"href":"https:\/\/store.ie.edu\/es\/wp-json\/wp\/v2\/product_tag?post=61832"}],"curies":[{"name":"wp","href":"https:\/\/api.w.org\/{rel}","templated":true}]}}