{"id":61633,"date":"2020-05-21T11:50:30","date_gmt":"2020-05-21T10:03:03","guid":{"rendered":"https:\/\/store.ie.edu\/product\/sincategorizar\/camiseta-de-ninos-ie-university\/"},"modified":"2026-04-28T16:20:34","modified_gmt":"2026-04-28T14:20:34","slug":"camiseta-de-ninos-ie-university","status":"publish","type":"product","link":"https:\/\/store.ie.edu\/es\/producto\/ninos\/camisetas-ninos\/camiseta-de-ninos-ie-university\/","title":{"rendered":"Camiseta de Ni\u00f1os IE University"},"content":{"rendered":"<p data-start=\"1355\" data-end=\"1501\">La camiseta infantil de IE University est\u00e1 fabricada en 100% algod\u00f3n org\u00e1nico, proporcionando una textura suave y transpirable para el uso diario.<\/p>\n<p data-start=\"1503\" data-end=\"1625\">Dise\u00f1ada para ofrecer comodidad y libertad de movimiento, es perfecta para el colegio, el juego y las actividades diarias.<\/p>\n<p data-start=\"1627\" data-end=\"1705\">Una prenda vers\u00e1til que integra la identidad de IE University en el d\u00eda a d\u00eda.<\/p>\n<p data-start=\"1707\" data-end=\"1733\"><strong data-start=\"1707\" data-end=\"1733\">Caracter\u00edsticas clave:<\/strong><\/p>\n<ul data-start=\"1734\" data-end=\"1844\">\n<li data-section-id=\"19y570w\" data-start=\"1734\" data-end=\"1759\">100% algod\u00f3n org\u00e1nico<\/li>\n<li data-section-id=\"npu6pz\" data-start=\"1760\" data-end=\"1791\">Tejido suave y transpirable<\/li>\n<li data-section-id=\"1irs0pq\" data-start=\"1792\" data-end=\"1808\">Corte c\u00f3modo<\/li>\n<li data-section-id=\"rsfscj\" data-start=\"1809\" data-end=\"1844\">Ideal para colegio y uso diario<\/li>\n<\/ul>\n","protected":false},"excerpt":{"rendered":"<p data-start=\"1125\" data-end=\"1262\">Camiseta infantil de IE University confeccionada en 100% algod\u00f3n org\u00e1nico, dise\u00f1ada para ofrecer comodidad y durabilidad en el d\u00eda a d\u00eda.<\/p>\n<p data-start=\"1264\" data-end=\"1324\">Suave, transpirable e ideal para el colegio y el uso diario.<\/p>\n","protected":false},"featured_media":60697,"comment_status":"open","ping_status":"closed","template":"","meta":{"_seopress_robots_primary_cat":"none","_seopress_titles_title":"","_seopress_titles_desc":"","_seopress_robots_index":""},"product_brand":[],"product_cat":[232,228],"product_tag":[747],"class_list":{"0":"post-61633","1":"product","2":"type-product","3":"status-publish","4":"has-post-thumbnail","6":"product_cat-camisetas-ninos","7":"product_cat-ninos","8":"product_tag-ie-es","9":"pa_colour-gris","10":"pa_colour-navy-es","12":"first","13":"instock","14":"taxable","15":"shipping-taxable","16":"purchasable","17":"product-type-variable","18":"thumb-has-effect","19":"prod-rating-off"},"_links":{"self":[{"href":"https:\/\/store.ie.edu\/es\/wp-json\/wp\/v2\/product\/61633","targetHints":{"allow":["GET"]}}],"collection":[{"href":"https:\/\/store.ie.edu\/es\/wp-json\/wp\/v2\/product"}],"about":[{"href":"https:\/\/store.ie.edu\/es\/wp-json\/wp\/v2\/types\/product"}],"replies":[{"embeddable":true,"href":"https:\/\/store.ie.edu\/es\/wp-json\/wp\/v2\/comments?post=61633"}],"wp:featuredmedia":[{"embeddable":true,"href":"https:\/\/store.ie.edu\/es\/wp-json\/wp\/v2\/media\/60697"}],"wp:attachment":[{"href":"https:\/\/store.ie.edu\/es\/wp-json\/wp\/v2\/media?parent=61633"}],"wp:term":[{"taxonomy":"product_brand","embeddable":true,"href":"https:\/\/store.ie.edu\/es\/wp-json\/wp\/v2\/product_brand?post=61633"},{"taxonomy":"product_cat","embeddable":true,"href":"https:\/\/store.ie.edu\/es\/wp-json\/wp\/v2\/product_cat?post=61633"},{"taxonomy":"product_tag","embeddable":true,"href":"https:\/\/store.ie.edu\/es\/wp-json\/wp\/v2\/product_tag?post=61633"}],"curies":[{"name":"wp","href":"https:\/\/api.w.org\/{rel}","templated":true}]}}