{"id":61594,"date":"2020-05-21T11:49:56","date_gmt":"2020-05-21T10:02:23","guid":{"rendered":"https:\/\/store.ie.edu\/product\/sincategorizar\/camiseta-de-ninos-ie-business-school\/"},"modified":"2026-04-28T16:08:13","modified_gmt":"2026-04-28T14:08:13","slug":"camiseta-de-ninos-ie-business-school","status":"publish","type":"product","link":"https:\/\/store.ie.edu\/es\/producto\/ninos\/camisetas-ninos\/camiseta-de-ninos-ie-business-school\/","title":{"rendered":"Camiseta infantil IE Business School"},"content":{"rendered":"<p data-start=\"489\" data-end=\"640\">La camiseta infantil de IE Business School est\u00e1 fabricada en 100% algod\u00f3n org\u00e1nico, proporcionando una textura suave y transpirable para el uso diario.<\/p>\n<p data-start=\"642\" data-end=\"764\">Dise\u00f1ada para ofrecer comodidad y libertad de movimiento, es perfecta para el colegio, el juego y las actividades diarias.<\/p>\n<p data-start=\"766\" data-end=\"848\">Una prenda vers\u00e1til que incorpora la identidad de IE Business School al d\u00eda a d\u00eda.<\/p>\n<p data-start=\"850\" data-end=\"876\"><strong data-start=\"850\" data-end=\"876\">Caracter\u00edsticas clave:<\/strong><\/p>\n<ul data-start=\"877\" data-end=\"987\">\n<li data-section-id=\"19y570w\" data-start=\"877\" data-end=\"902\">100% algod\u00f3n org\u00e1nico<\/li>\n<li data-section-id=\"npu6pz\" data-start=\"903\" data-end=\"934\">Tejido suave y transpirable<\/li>\n<li data-section-id=\"1irs0pq\" data-start=\"935\" data-end=\"951\">Corte c\u00f3modo<\/li>\n<li data-section-id=\"rsfscj\" data-start=\"952\" data-end=\"987\">Ideal para colegio y uso diario<\/li>\n<\/ul>\n","protected":false},"excerpt":{"rendered":"<p data-start=\"231\" data-end=\"373\">Camiseta infantil de IE Business School confeccionada en 100% algod\u00f3n org\u00e1nico, dise\u00f1ada para ofrecer comodidad y durabilidad en el d\u00eda a d\u00eda.<\/p>\n<p data-start=\"375\" data-end=\"435\">Suave, transpirable e ideal para el colegio y el uso diario.<\/p>\n","protected":false},"featured_media":60636,"comment_status":"open","ping_status":"closed","template":"","meta":{"_seopress_robots_primary_cat":"none","_seopress_titles_title":"","_seopress_titles_desc":"","_seopress_robots_index":""},"product_brand":[],"product_cat":[232,228],"product_tag":[747],"class_list":{"0":"post-61594","1":"product","2":"type-product","3":"status-publish","4":"has-post-thumbnail","6":"product_cat-camisetas-ninos","7":"product_cat-ninos","8":"product_tag-ie-es","9":"pa_colour-gris","11":"first","12":"instock","13":"sale","14":"taxable","15":"shipping-taxable","16":"purchasable","17":"product-type-variable","18":"thumb-has-effect","19":"prod-rating-off"},"_links":{"self":[{"href":"https:\/\/store.ie.edu\/es\/wp-json\/wp\/v2\/product\/61594","targetHints":{"allow":["GET"]}}],"collection":[{"href":"https:\/\/store.ie.edu\/es\/wp-json\/wp\/v2\/product"}],"about":[{"href":"https:\/\/store.ie.edu\/es\/wp-json\/wp\/v2\/types\/product"}],"replies":[{"embeddable":true,"href":"https:\/\/store.ie.edu\/es\/wp-json\/wp\/v2\/comments?post=61594"}],"wp:featuredmedia":[{"embeddable":true,"href":"https:\/\/store.ie.edu\/es\/wp-json\/wp\/v2\/media\/60636"}],"wp:attachment":[{"href":"https:\/\/store.ie.edu\/es\/wp-json\/wp\/v2\/media?parent=61594"}],"wp:term":[{"taxonomy":"product_brand","embeddable":true,"href":"https:\/\/store.ie.edu\/es\/wp-json\/wp\/v2\/product_brand?post=61594"},{"taxonomy":"product_cat","embeddable":true,"href":"https:\/\/store.ie.edu\/es\/wp-json\/wp\/v2\/product_cat?post=61594"},{"taxonomy":"product_tag","embeddable":true,"href":"https:\/\/store.ie.edu\/es\/wp-json\/wp\/v2\/product_tag?post=61594"}],"curies":[{"name":"wp","href":"https:\/\/api.w.org\/{rel}","templated":true}]}}