{"id":61576,"date":"2020-05-21T11:49:37","date_gmt":"2020-05-21T10:02:03","guid":{"rendered":"https:\/\/store.ie.edu\/product\/sincategorizar\/pantalones-deportivos-de-hombre-ie-university\/"},"modified":"2023-04-28T18:34:22","modified_gmt":"2023-04-28T16:34:22","slug":"pantalones-deportivos-de-hombre-ie-university","status":"publish","type":"product","link":"https:\/\/store.ie.edu\/es\/producto\/hombre\/ropa-deportiva-hombre-hombre\/pantalones-deportivos-de-hombre-ie-university\/","title":{"rendered":"Pantal\u00f3n Deportivo de Hombre IE University"},"content":{"rendered":"","protected":false},"excerpt":{"rendered":"<p>Pantal\u00f3n IE University fabricado en 85% algod\u00f3n org\u00e1nico y 15% poli\u00e9ster<\/p>\n","protected":false},"featured_media":60592,"comment_status":"open","ping_status":"closed","template":"","meta":{"_seopress_robots_primary_cat":"none","_seopress_titles_title":"","_seopress_titles_desc":"","_seopress_robots_index":""},"product_brand":[],"product_cat":[203,793],"product_tag":[747],"class_list":{"0":"post-61576","1":"product","2":"type-product","3":"status-publish","4":"has-post-thumbnail","6":"product_cat-hombre","7":"product_cat-ropa-deportiva-hombre-hombre","8":"product_tag-ie-es","9":"pa_colour-gris","11":"first","12":"instock","13":"taxable","14":"shipping-taxable","15":"purchasable","16":"product-type-variable","17":"thumb-has-effect","18":"prod-rating-off"},"_links":{"self":[{"href":"https:\/\/store.ie.edu\/es\/wp-json\/wp\/v2\/product\/61576","targetHints":{"allow":["GET"]}}],"collection":[{"href":"https:\/\/store.ie.edu\/es\/wp-json\/wp\/v2\/product"}],"about":[{"href":"https:\/\/store.ie.edu\/es\/wp-json\/wp\/v2\/types\/product"}],"replies":[{"embeddable":true,"href":"https:\/\/store.ie.edu\/es\/wp-json\/wp\/v2\/comments?post=61576"}],"wp:featuredmedia":[{"embeddable":true,"href":"https:\/\/store.ie.edu\/es\/wp-json\/wp\/v2\/media\/60592"}],"wp:attachment":[{"href":"https:\/\/store.ie.edu\/es\/wp-json\/wp\/v2\/media?parent=61576"}],"wp:term":[{"taxonomy":"product_brand","embeddable":true,"href":"https:\/\/store.ie.edu\/es\/wp-json\/wp\/v2\/product_brand?post=61576"},{"taxonomy":"product_cat","embeddable":true,"href":"https:\/\/store.ie.edu\/es\/wp-json\/wp\/v2\/product_cat?post=61576"},{"taxonomy":"product_tag","embeddable":true,"href":"https:\/\/store.ie.edu\/es\/wp-json\/wp\/v2\/product_tag?post=61576"}],"curies":[{"name":"wp","href":"https:\/\/api.w.org\/{rel}","templated":true}]}}