{"id":61544,"date":"2020-05-21T11:49:04","date_gmt":"2020-05-21T10:01:22","guid":{"rendered":"https:\/\/store.ie.edu\/product\/sincategorizar\/sudadera-con-capucha-ie-university\/"},"modified":"2023-10-13T13:32:16","modified_gmt":"2023-10-13T11:32:16","slug":"sudadera-con-capucha-ie-university","status":"publish","type":"product","link":"https:\/\/store.ie.edu\/es\/producto\/hombre\/sudaderas-hombre\/sudadera-con-capucha-ie-university\/","title":{"rendered":"Sudadera con Capucha IE University"},"content":{"rendered":"","protected":false},"excerpt":{"rendered":"<p>Sudadera con capucha IE University 100% algod\u00f3n org\u00e1nico<\/p>\n<p><em>Importante: Esta prenda tiene unas medidas m\u00e1s grandes de lo habitual. Es posible que necesite pedir una talla m\u00e1s peque\u00f1a a la que est\u00e9 acostumbrado<\/em><\/p>\n","protected":false},"featured_media":130883,"comment_status":"closed","ping_status":"closed","template":"","meta":{"_seopress_robots_primary_cat":"none","_seopress_titles_title":"","_seopress_titles_desc":"","_seopress_robots_index":""},"product_brand":[],"product_cat":[203,252,397],"product_tag":[747],"class_list":{"0":"post-61544","1":"product","2":"type-product","3":"status-publish","4":"has-post-thumbnail","6":"product_cat-hombre","7":"product_cat-sudaderas-hombre","8":"product_cat-unisex-es","9":"product_tag-ie-es","11":"first","12":"instock","13":"taxable","14":"shipping-taxable","15":"purchasable","16":"product-type-variable","17":"thumb-has-effect","18":"prod-rating-off"},"_links":{"self":[{"href":"https:\/\/store.ie.edu\/es\/wp-json\/wp\/v2\/product\/61544","targetHints":{"allow":["GET"]}}],"collection":[{"href":"https:\/\/store.ie.edu\/es\/wp-json\/wp\/v2\/product"}],"about":[{"href":"https:\/\/store.ie.edu\/es\/wp-json\/wp\/v2\/types\/product"}],"replies":[{"embeddable":true,"href":"https:\/\/store.ie.edu\/es\/wp-json\/wp\/v2\/comments?post=61544"}],"wp:featuredmedia":[{"embeddable":true,"href":"https:\/\/store.ie.edu\/es\/wp-json\/wp\/v2\/media\/130883"}],"wp:attachment":[{"href":"https:\/\/store.ie.edu\/es\/wp-json\/wp\/v2\/media?parent=61544"}],"wp:term":[{"taxonomy":"product_brand","embeddable":true,"href":"https:\/\/store.ie.edu\/es\/wp-json\/wp\/v2\/product_brand?post=61544"},{"taxonomy":"product_cat","embeddable":true,"href":"https:\/\/store.ie.edu\/es\/wp-json\/wp\/v2\/product_cat?post=61544"},{"taxonomy":"product_tag","embeddable":true,"href":"https:\/\/store.ie.edu\/es\/wp-json\/wp\/v2\/product_tag?post=61544"}],"curies":[{"name":"wp","href":"https:\/\/api.w.org\/{rel}","templated":true}]}}