{"id":61527,"date":"2020-05-21T11:48:46","date_gmt":"2020-05-21T10:01:01","guid":{"rendered":"https:\/\/store.ie.edu\/product\/sincategorizar\/camiseta-when-i-grow-up\/"},"modified":"2026-04-28T15:13:12","modified_gmt":"2026-04-28T13:13:12","slug":"camiseta-when-i-grow-up","status":"publish","type":"product","link":"https:\/\/store.ie.edu\/es\/producto\/ninos\/camisetas-ninos\/camiseta-when-i-grow-up\/","title":{"rendered":"Camiseta ni\u00f1o &#8220;When I grow up\u2026&#8221;"},"content":{"rendered":"<p data-start=\"1336\" data-end=\"1491\">La camiseta infantil \u201cWhen I grow up\u2026\u201d de IE University est\u00e1 confeccionada en 100% algod\u00f3n, ofreciendo una textura suave y transpirable para el uso diario.<\/p>\n<p data-start=\"1493\" data-end=\"1596\">Su dise\u00f1o con cuello redondo y botones a presi\u00f3n laterales facilita su puesta y aporta mayor comodidad.<\/p>\n<p data-start=\"1598\" data-end=\"1689\">Una prenda divertida que fomenta la imaginaci\u00f3n y conecta con el esp\u00edritu de IE University.<\/p>\n<p data-start=\"1691\" data-end=\"1717\"><strong data-start=\"1691\" data-end=\"1717\">Caracter\u00edsticas clave:<\/strong><\/p>\n<ul data-start=\"1718\" data-end=\"1843\">\n<li data-section-id=\"au7wow\" data-start=\"1718\" data-end=\"1734\">100% algod\u00f3n<\/li>\n<li data-section-id=\"npu6pz\" data-start=\"1735\" data-end=\"1766\">Tejido suave y transpirable<\/li>\n<li data-section-id=\"w4v5e5\" data-start=\"1767\" data-end=\"1785\">Cuello redondo<\/li>\n<li data-section-id=\"r3ppxu\" data-start=\"1786\" data-end=\"1817\">Botones a presi\u00f3n laterales<\/li>\n<li data-section-id=\"12r249q\" data-start=\"1818\" data-end=\"1843\">Ideal para uso diario<\/li>\n<\/ul>\n","protected":false},"excerpt":{"rendered":"<p data-start=\"801\" data-end=\"840\"><strong data-start=\"801\" data-end=\"840\">Dise\u00f1o divertido para el d\u00eda a d\u00eda.<\/strong><\/p>\n<p data-start=\"842\" data-end=\"955\">Camiseta infantil de algod\u00f3n con el dise\u00f1o \u201cWhen I grow up\u2026\u201d, pensada para el uso diario y la expresi\u00f3n creativa.<\/p>\n<p data-start=\"957\" data-end=\"1031\">Con cuello redondo y botones a presi\u00f3n laterales para facilitar su puesta.<\/p>\n","protected":false},"featured_media":60513,"comment_status":"open","ping_status":"closed","template":"","meta":{"_seopress_robots_primary_cat":"none","_seopress_titles_title":"","_seopress_titles_desc":"","_seopress_robots_index":""},"product_brand":[],"product_cat":[341,232,228],"product_tag":[747],"class_list":{"0":"post-61527","1":"product","2":"type-product","3":"status-publish","4":"has-post-thumbnail","6":"product_cat-bebes","7":"product_cat-camisetas-ninos","8":"product_cat-ninos","9":"product_tag-ie-es","10":"pa_colour-blanco","12":"first","13":"instock","14":"taxable","15":"shipping-taxable","16":"purchasable","17":"product-type-variable","18":"thumb-no-effect","19":"prod-rating-off"},"_links":{"self":[{"href":"https:\/\/store.ie.edu\/es\/wp-json\/wp\/v2\/product\/61527","targetHints":{"allow":["GET"]}}],"collection":[{"href":"https:\/\/store.ie.edu\/es\/wp-json\/wp\/v2\/product"}],"about":[{"href":"https:\/\/store.ie.edu\/es\/wp-json\/wp\/v2\/types\/product"}],"replies":[{"embeddable":true,"href":"https:\/\/store.ie.edu\/es\/wp-json\/wp\/v2\/comments?post=61527"}],"wp:featuredmedia":[{"embeddable":true,"href":"https:\/\/store.ie.edu\/es\/wp-json\/wp\/v2\/media\/60513"}],"wp:attachment":[{"href":"https:\/\/store.ie.edu\/es\/wp-json\/wp\/v2\/media?parent=61527"}],"wp:term":[{"taxonomy":"product_brand","embeddable":true,"href":"https:\/\/store.ie.edu\/es\/wp-json\/wp\/v2\/product_brand?post=61527"},{"taxonomy":"product_cat","embeddable":true,"href":"https:\/\/store.ie.edu\/es\/wp-json\/wp\/v2\/product_cat?post=61527"},{"taxonomy":"product_tag","embeddable":true,"href":"https:\/\/store.ie.edu\/es\/wp-json\/wp\/v2\/product_tag?post=61527"}],"curies":[{"name":"wp","href":"https:\/\/api.w.org\/{rel}","templated":true}]}}