{"id":61523,"date":"2020-05-21T11:48:46","date_gmt":"2020-05-21T10:01:01","guid":{"rendered":"https:\/\/store.ie.edu\/product\/sincategorizar\/camiseta-ie-university\/"},"modified":"2026-04-28T15:15:09","modified_gmt":"2026-04-28T13:15:09","slug":"camiseta-bebe-ie-university","status":"publish","type":"product","link":"https:\/\/store.ie.edu\/es\/producto\/ninos\/camisetas-ninos\/camiseta-bebe-ie-university\/","title":{"rendered":"Camiseta Beb\u00e9 IE University"},"content":{"rendered":"<p data-start=\"646\" data-end=\"787\">La camiseta de beb\u00e9 de IE University est\u00e1 confeccionada en 100% algod\u00f3n, proporcionando una textura suave y transpirable, ideal para la piel.<\/p>\n<p data-start=\"789\" data-end=\"918\">Su dise\u00f1o con cuello redondo y botones a presi\u00f3n laterales permite vestirla f\u00e1cilmente, asegurando comodidad durante todo el d\u00eda.<\/p>\n<p data-start=\"920\" data-end=\"968\">Una prenda pr\u00e1ctica y c\u00f3moda para el uso diario.<\/p>\n<p data-start=\"970\" data-end=\"996\"><strong data-start=\"970\" data-end=\"996\">Caracter\u00edsticas clave:<\/strong><\/p>\n<ul data-start=\"997\" data-end=\"1141\">\n<li data-section-id=\"au7wow\" data-start=\"997\" data-end=\"1013\">100% algod\u00f3n<\/li>\n<li data-section-id=\"npu6pz\" data-start=\"1014\" data-end=\"1045\">Tejido suave y transpirable<\/li>\n<li data-section-id=\"w4v5e5\" data-start=\"1046\" data-end=\"1064\">Cuello redondo<\/li>\n<li data-section-id=\"r3ppxu\" data-start=\"1065\" data-end=\"1096\">Botones a presi\u00f3n laterales<\/li>\n<li data-section-id=\"qeu19q\" data-start=\"1097\" data-end=\"1115\">F\u00e1cil de poner<\/li>\n<li data-section-id=\"12r249q\" data-start=\"1116\" data-end=\"1141\">Ideal para uso diario<\/li>\n<\/ul>\n<p data-start=\"341\" data-end=\"384\">.<\/p>\n","protected":false},"excerpt":{"rendered":"<p data-start=\"341\" data-end=\"384\"><strong data-start=\"341\" data-end=\"384\">Suavidad y comodidad para el d\u00eda a d\u00eda.<\/strong><\/p>\n<p data-start=\"386\" data-end=\"502\">Camiseta de beb\u00e9 IE University confeccionada en 100% algod\u00f3n, dise\u00f1ada para ofrecer confort y facilidad en cada uso.<\/p>\n<p data-start=\"504\" data-end=\"592\">Con cuello redondo y botones a presi\u00f3n met\u00e1licos en el lateral para facilitar su puesta.<\/p>\n<p data-start=\"504\" data-end=\"592\">\n","protected":false},"featured_media":60505,"comment_status":"open","ping_status":"closed","template":"","meta":{"_seopress_robots_primary_cat":"none","_seopress_titles_title":"","_seopress_titles_desc":"","_seopress_robots_index":""},"product_brand":[],"product_cat":[341,232,228],"product_tag":[747],"class_list":{"0":"post-61523","1":"product","2":"type-product","3":"status-publish","4":"has-post-thumbnail","6":"product_cat-bebes","7":"product_cat-camisetas-ninos","8":"product_cat-ninos","9":"product_tag-ie-es","10":"pa_colour-blanco","12":"first","13":"instock","14":"taxable","15":"shipping-taxable","16":"purchasable","17":"product-type-variable","18":"thumb-has-effect","19":"prod-rating-off"},"_links":{"self":[{"href":"https:\/\/store.ie.edu\/es\/wp-json\/wp\/v2\/product\/61523","targetHints":{"allow":["GET"]}}],"collection":[{"href":"https:\/\/store.ie.edu\/es\/wp-json\/wp\/v2\/product"}],"about":[{"href":"https:\/\/store.ie.edu\/es\/wp-json\/wp\/v2\/types\/product"}],"replies":[{"embeddable":true,"href":"https:\/\/store.ie.edu\/es\/wp-json\/wp\/v2\/comments?post=61523"}],"wp:featuredmedia":[{"embeddable":true,"href":"https:\/\/store.ie.edu\/es\/wp-json\/wp\/v2\/media\/60505"}],"wp:attachment":[{"href":"https:\/\/store.ie.edu\/es\/wp-json\/wp\/v2\/media?parent=61523"}],"wp:term":[{"taxonomy":"product_brand","embeddable":true,"href":"https:\/\/store.ie.edu\/es\/wp-json\/wp\/v2\/product_brand?post=61523"},{"taxonomy":"product_cat","embeddable":true,"href":"https:\/\/store.ie.edu\/es\/wp-json\/wp\/v2\/product_cat?post=61523"},{"taxonomy":"product_tag","embeddable":true,"href":"https:\/\/store.ie.edu\/es\/wp-json\/wp\/v2\/product_tag?post=61523"}],"curies":[{"name":"wp","href":"https:\/\/api.w.org\/{rel}","templated":true}]}}