{"id":61488,"date":"2020-05-21T11:48:12","date_gmt":"2020-05-21T10:00:20","guid":{"rendered":"https:\/\/store.ie.edu\/product\/sincategorizar\/camiseta-ie-alumni\/"},"modified":"2020-11-16T13:27:32","modified_gmt":"2020-11-16T12:27:32","slug":"camiseta-ie-alumni","status":"publish","type":"product","link":"https:\/\/store.ie.edu\/es\/producto\/hombre\/camisetas-hombre\/camiseta-ie-alumni\/","title":{"rendered":"Camiseta IE Alumni"},"content":{"rendered":"","protected":false},"excerpt":{"rendered":"<p>Camiseta IE Alumni.<br \/>\nComposici\u00f3n: 100% algod\u00f3n org\u00e1nico<\/p>\n","protected":false},"featured_media":60444,"comment_status":"open","ping_status":"closed","template":"","meta":{"_seopress_robots_primary_cat":"","_seopress_titles_title":"","_seopress_titles_desc":"","_seopress_robots_index":""},"product_brand":[],"product_cat":[205,206,203,202,397],"product_tag":[747],"class_list":{"0":"post-61488","1":"product","2":"type-product","3":"status-publish","4":"has-post-thumbnail","6":"product_cat-camisetas-mujer","7":"product_cat-camisetas-hombre","8":"product_cat-hombre","9":"product_cat-mujer","10":"product_cat-unisex-es","11":"product_tag-ie-es","12":"pa_colour-blanco","13":"pa_colour-gris","14":"pa_colour-navy-es","16":"first","17":"outofstock","18":"taxable","19":"shipping-taxable","20":"purchasable","21":"product-type-variable","22":"thumb-has-effect","23":"prod-rating-off"},"_links":{"self":[{"href":"https:\/\/store.ie.edu\/es\/wp-json\/wp\/v2\/product\/61488","targetHints":{"allow":["GET"]}}],"collection":[{"href":"https:\/\/store.ie.edu\/es\/wp-json\/wp\/v2\/product"}],"about":[{"href":"https:\/\/store.ie.edu\/es\/wp-json\/wp\/v2\/types\/product"}],"replies":[{"embeddable":true,"href":"https:\/\/store.ie.edu\/es\/wp-json\/wp\/v2\/comments?post=61488"}],"wp:featuredmedia":[{"embeddable":true,"href":"https:\/\/store.ie.edu\/es\/wp-json\/wp\/v2\/media\/60444"}],"wp:attachment":[{"href":"https:\/\/store.ie.edu\/es\/wp-json\/wp\/v2\/media?parent=61488"}],"wp:term":[{"taxonomy":"product_brand","embeddable":true,"href":"https:\/\/store.ie.edu\/es\/wp-json\/wp\/v2\/product_brand?post=61488"},{"taxonomy":"product_cat","embeddable":true,"href":"https:\/\/store.ie.edu\/es\/wp-json\/wp\/v2\/product_cat?post=61488"},{"taxonomy":"product_tag","embeddable":true,"href":"https:\/\/store.ie.edu\/es\/wp-json\/wp\/v2\/product_tag?post=61488"}],"curies":[{"name":"wp","href":"https:\/\/api.w.org\/{rel}","templated":true}]}}