{"id":147339,"date":"2026-04-29T14:27:55","date_gmt":"2026-04-29T12:27:55","guid":{"rendered":"https:\/\/store.ie.edu\/product\/sin%20categor\u00eda\/ie-university-sweatshirt-half-zip-2\/"},"modified":"2026-04-29T14:33:23","modified_gmt":"2026-04-29T12:33:23","slug":"ie-university-sweatshirt-half-zip-2","status":"publish","type":"product","link":"https:\/\/store.ie.edu\/es\/producto\/hombre\/sudaderas-hombre\/ie-university-sweatshirt-half-zip-2\/","title":{"rendered":"<b>Sudadera con media cremallera IE University<\/b>"},"content":{"rendered":"","protected":false},"excerpt":{"rendered":"<p>Sudadera con el logotipo de IE University bordado en el lado izquierdo, de la marca francesa SOL&#8217;s, con cremallera corta y dise\u00f1o cl\u00e1sico. Cuenta con pu\u00f1os y dobladillo acanalados para un ajuste c\u00f3modo. El tejido est\u00e1 compuesto por un 80 % de algod\u00f3n y un 20 % de poli\u00e9ster reciclado con certificaci\u00f3n GRS.<\/p>\n","protected":false},"featured_media":147327,"comment_status":"open","ping_status":"closed","template":"","meta":{"_seopress_robots_primary_cat":"none","_seopress_titles_title":"","_seopress_titles_desc":"","_seopress_robots_index":""},"product_brand":[],"product_cat":[279,252],"product_tag":[],"class_list":{"0":"post-147339","1":"product","2":"type-product","3":"status-publish","4":"has-post-thumbnail","6":"product_cat-sudaderas-mujer","7":"product_cat-sudaderas-hombre","9":"first","10":"instock","11":"taxable","12":"shipping-taxable","13":"purchasable","14":"product-type-variable","15":"thumb-has-effect","16":"prod-rating-off"},"_links":{"self":[{"href":"https:\/\/store.ie.edu\/es\/wp-json\/wp\/v2\/product\/147339","targetHints":{"allow":["GET"]}}],"collection":[{"href":"https:\/\/store.ie.edu\/es\/wp-json\/wp\/v2\/product"}],"about":[{"href":"https:\/\/store.ie.edu\/es\/wp-json\/wp\/v2\/types\/product"}],"replies":[{"embeddable":true,"href":"https:\/\/store.ie.edu\/es\/wp-json\/wp\/v2\/comments?post=147339"}],"wp:featuredmedia":[{"embeddable":true,"href":"https:\/\/store.ie.edu\/es\/wp-json\/wp\/v2\/media\/147327"}],"wp:attachment":[{"href":"https:\/\/store.ie.edu\/es\/wp-json\/wp\/v2\/media?parent=147339"}],"wp:term":[{"taxonomy":"product_brand","embeddable":true,"href":"https:\/\/store.ie.edu\/es\/wp-json\/wp\/v2\/product_brand?post=147339"},{"taxonomy":"product_cat","embeddable":true,"href":"https:\/\/store.ie.edu\/es\/wp-json\/wp\/v2\/product_cat?post=147339"},{"taxonomy":"product_tag","embeddable":true,"href":"https:\/\/store.ie.edu\/es\/wp-json\/wp\/v2\/product_tag?post=147339"}],"curies":[{"name":"wp","href":"https:\/\/api.w.org\/{rel}","templated":true}]}}