{"id":147278,"date":"2026-04-29T13:42:21","date_gmt":"2026-04-29T11:42:21","guid":{"rendered":"https:\/\/store.ie.edu\/product\/sin%20categor\u00eda\/hoodie-be-the-change-ieu\/"},"modified":"2026-04-29T13:44:40","modified_gmt":"2026-04-29T11:44:40","slug":"hoodie-be-the-change-ieu","status":"publish","type":"product","link":"https:\/\/store.ie.edu\/es\/producto\/hombre\/sudaderas-hombre\/hoodie-be-the-change-ieu\/","title":{"rendered":"<b>Sudadera Con Capucha Be The Change IEU<\/b>"},"content":{"rendered":"","protected":false},"excerpt":{"rendered":"<p>Dise\u00f1o moderno y exclusivo de la universidad que refleja \u201cFostering positive change\u201d, un mensaje que inspira una actitud positiva y con prop\u00f3sito.<\/p>\n<p>Confeccionada en 65% algod\u00f3n y 35% poli\u00e9ster, ofrece un tacto suave y c\u00f3modo. El interior de algod\u00f3n cepillado aporta calidez, mientras que la capucha con cord\u00f3n ajustable y el bolsillo tipo canguro suman funcionalidad para el d\u00eda a d\u00eda.<\/p>\n<p>Los pu\u00f1os y el bajo en canal\u00e9 2&#215;2 garantizan un ajuste c\u00f3modo y duradero. Una prenda vers\u00e1til, con corte regular (no oversize), perfecta para un estilo actual y sin esfuerzo.<\/p>\n","protected":false},"featured_media":147261,"comment_status":"open","ping_status":"closed","template":"","meta":{"_seopress_robots_primary_cat":"none","_seopress_titles_title":"","_seopress_titles_desc":"","_seopress_robots_index":""},"product_brand":[],"product_cat":[252,279],"product_tag":[],"class_list":{"0":"post-147278","1":"product","2":"type-product","3":"status-publish","4":"has-post-thumbnail","6":"product_cat-sudaderas-hombre","7":"product_cat-sudaderas-mujer","9":"first","10":"instock","11":"taxable","12":"shipping-taxable","13":"purchasable","14":"product-type-variable","15":"thumb-has-effect","16":"prod-rating-off"},"_links":{"self":[{"href":"https:\/\/store.ie.edu\/es\/wp-json\/wp\/v2\/product\/147278","targetHints":{"allow":["GET"]}}],"collection":[{"href":"https:\/\/store.ie.edu\/es\/wp-json\/wp\/v2\/product"}],"about":[{"href":"https:\/\/store.ie.edu\/es\/wp-json\/wp\/v2\/types\/product"}],"replies":[{"embeddable":true,"href":"https:\/\/store.ie.edu\/es\/wp-json\/wp\/v2\/comments?post=147278"}],"wp:featuredmedia":[{"embeddable":true,"href":"https:\/\/store.ie.edu\/es\/wp-json\/wp\/v2\/media\/147261"}],"wp:attachment":[{"href":"https:\/\/store.ie.edu\/es\/wp-json\/wp\/v2\/media?parent=147278"}],"wp:term":[{"taxonomy":"product_brand","embeddable":true,"href":"https:\/\/store.ie.edu\/es\/wp-json\/wp\/v2\/product_brand?post=147278"},{"taxonomy":"product_cat","embeddable":true,"href":"https:\/\/store.ie.edu\/es\/wp-json\/wp\/v2\/product_cat?post=147278"},{"taxonomy":"product_tag","embeddable":true,"href":"https:\/\/store.ie.edu\/es\/wp-json\/wp\/v2\/product_tag?post=147278"}],"curies":[{"name":"wp","href":"https:\/\/api.w.org\/{rel}","templated":true}]}}