{"id":147103,"date":"2026-03-19T13:08:01","date_gmt":"2026-03-19T12:08:01","guid":{"rendered":"https:\/\/store.ie.edu\/product\/sin%20categor\u00eda\/big-sm-ieu-t-shirt\/"},"modified":"2026-03-19T13:12:44","modified_gmt":"2026-03-19T12:12:44","slug":"big-sm-ieu-t-shirt","status":"publish","type":"product","link":"https:\/\/store.ie.edu\/es\/producto\/hombre\/camisetas-hombre\/big-sm-ieu-t-shirt\/","title":{"rendered":"<b>Camiseta Big SM IEU<\/b>"},"content":{"rendered":"","protected":false},"excerpt":{"rendered":"<p>Camiseta de IE University confeccionada con algod\u00f3n org\u00e1nico de la m\u00e1s alta calidad, cuidadosamente seleccionado. La camiseta cuenta con un cuello redondo acanalado y el exclusivo logotipo de IEU SM en el pecho.<\/p>\n<p>Esta prenda unisex es un b\u00e1sico vers\u00e1til para cualquier armario.<\/p>\n","protected":false},"featured_media":147100,"comment_status":"open","ping_status":"closed","template":"","meta":{"_seopress_robots_primary_cat":"none","_seopress_titles_title":"","_seopress_titles_desc":"","_seopress_robots_index":""},"product_brand":[],"product_cat":[205,206,396,203,202,952],"product_tag":[],"class_list":{"0":"post-147103","1":"product","2":"type-product","3":"status-publish","4":"has-post-thumbnail","6":"product_cat-camisetas-mujer","7":"product_cat-camisetas-hombre","8":"product_cat-descuento","9":"product_cat-hombre","10":"product_cat-mujer","11":"product_cat-ultimas-unidades","13":"first","14":"instock","15":"sale","16":"taxable","17":"shipping-taxable","18":"purchasable","19":"product-type-variable","20":"thumb-has-effect","21":"prod-rating-off"},"_links":{"self":[{"href":"https:\/\/store.ie.edu\/es\/wp-json\/wp\/v2\/product\/147103","targetHints":{"allow":["GET"]}}],"collection":[{"href":"https:\/\/store.ie.edu\/es\/wp-json\/wp\/v2\/product"}],"about":[{"href":"https:\/\/store.ie.edu\/es\/wp-json\/wp\/v2\/types\/product"}],"replies":[{"embeddable":true,"href":"https:\/\/store.ie.edu\/es\/wp-json\/wp\/v2\/comments?post=147103"}],"wp:featuredmedia":[{"embeddable":true,"href":"https:\/\/store.ie.edu\/es\/wp-json\/wp\/v2\/media\/147100"}],"wp:attachment":[{"href":"https:\/\/store.ie.edu\/es\/wp-json\/wp\/v2\/media?parent=147103"}],"wp:term":[{"taxonomy":"product_brand","embeddable":true,"href":"https:\/\/store.ie.edu\/es\/wp-json\/wp\/v2\/product_brand?post=147103"},{"taxonomy":"product_cat","embeddable":true,"href":"https:\/\/store.ie.edu\/es\/wp-json\/wp\/v2\/product_cat?post=147103"},{"taxonomy":"product_tag","embeddable":true,"href":"https:\/\/store.ie.edu\/es\/wp-json\/wp\/v2\/product_tag?post=147103"}],"curies":[{"name":"wp","href":"https:\/\/api.w.org\/{rel}","templated":true}]}}