{"id":147032,"date":"2026-03-10T13:42:02","date_gmt":"2026-03-10T12:42:02","guid":{"rendered":"https:\/\/store.ie.edu\/product\/sin%20categor\u00eda\/ie-business-school-1973-t-shirt\/"},"modified":"2026-05-04T13:30:14","modified_gmt":"2026-05-04T11:30:14","slug":"ie-business-school-1973-t-shirt","status":"publish","type":"product","link":"https:\/\/store.ie.edu\/es\/producto\/hombre\/camisetas-hombre\/ie-business-school-1973-t-shirt\/","title":{"rendered":"Camiseta IE Business School 1973"},"content":{"rendered":"<p data-start=\"1575\" data-end=\"1668\">La camiseta IE Business School combina sencillez y comodidad en un dise\u00f1o limpio y atemporal.<\/p>\n<p data-start=\"1670\" data-end=\"1902\">En color blanco, incorpora el logo de IE Business School en el pecho junto al a\u00f1o 1973, como referencia a la historia de la instituci\u00f3n. Su corte cl\u00e1sico y su tejido suave la convierten en una prenda f\u00e1cil de llevar en el d\u00eda a d\u00eda.<\/p>\n<p data-start=\"1904\" data-end=\"2026\">Pensada para la vida en el campus y m\u00e1s all\u00e1, es una pieza vers\u00e1til que se adapta de forma natural a diferentes ocasiones.<\/p>\n<p data-start=\"2028\" data-end=\"2054\"><strong data-start=\"2028\" data-end=\"2054\">Caracter\u00edsticas clave:<\/strong><\/p>\n<ul data-start=\"2055\" data-end=\"2212\">\n<li data-section-id=\"1hteb0l\" data-start=\"2055\" data-end=\"2080\">Tejido suave y c\u00f3modo<\/li>\n<li data-section-id=\"zm5lcv\" data-start=\"2081\" data-end=\"2098\">Corte cl\u00e1sico<\/li>\n<li data-section-id=\"g7xago\" data-start=\"2099\" data-end=\"2115\">Color blanco<\/li>\n<li data-section-id=\"4lu3ny\" data-start=\"2116\" data-end=\"2155\">Logo IE Business School en el pecho<\/li>\n<li data-section-id=\"iwbird\" data-start=\"2156\" data-end=\"2177\">Detalle EST. 1973<\/li>\n<li data-section-id=\"gdwxtq\" data-start=\"2178\" data-end=\"2212\">Ideal para campus y uso diario<\/li>\n<\/ul>\n","protected":false},"excerpt":{"rendered":"<p data-start=\"1378\" data-end=\"1486\">Camiseta IE Business School en color blanco, dise\u00f1ada para ofrecer comodidad y un estilo cl\u00e1sico y vers\u00e1til.<\/p>\n<p data-start=\"1488\" data-end=\"1541\">Suave, c\u00f3moda e ideal para el campus y el uso diario.<\/p>\n","protected":false},"featured_media":147029,"comment_status":"open","ping_status":"closed","template":"","meta":{"_seopress_robots_primary_cat":"none","_seopress_titles_title":"","_seopress_titles_desc":"","_seopress_robots_index":""},"product_brand":[],"product_cat":[206,205,203,202],"product_tag":[],"class_list":{"0":"post-147032","1":"product","2":"type-product","3":"status-publish","4":"has-post-thumbnail","6":"product_cat-camisetas-hombre","7":"product_cat-camisetas-mujer","8":"product_cat-hombre","9":"product_cat-mujer","11":"first","12":"instock","13":"taxable","14":"shipping-taxable","15":"purchasable","16":"product-type-variable","17":"thumb-has-effect","18":"prod-rating-off"},"_links":{"self":[{"href":"https:\/\/store.ie.edu\/es\/wp-json\/wp\/v2\/product\/147032","targetHints":{"allow":["GET"]}}],"collection":[{"href":"https:\/\/store.ie.edu\/es\/wp-json\/wp\/v2\/product"}],"about":[{"href":"https:\/\/store.ie.edu\/es\/wp-json\/wp\/v2\/types\/product"}],"replies":[{"embeddable":true,"href":"https:\/\/store.ie.edu\/es\/wp-json\/wp\/v2\/comments?post=147032"}],"wp:featuredmedia":[{"embeddable":true,"href":"https:\/\/store.ie.edu\/es\/wp-json\/wp\/v2\/media\/147029"}],"wp:attachment":[{"href":"https:\/\/store.ie.edu\/es\/wp-json\/wp\/v2\/media?parent=147032"}],"wp:term":[{"taxonomy":"product_brand","embeddable":true,"href":"https:\/\/store.ie.edu\/es\/wp-json\/wp\/v2\/product_brand?post=147032"},{"taxonomy":"product_cat","embeddable":true,"href":"https:\/\/store.ie.edu\/es\/wp-json\/wp\/v2\/product_cat?post=147032"},{"taxonomy":"product_tag","embeddable":true,"href":"https:\/\/store.ie.edu\/es\/wp-json\/wp\/v2\/product_tag?post=147032"}],"curies":[{"name":"wp","href":"https:\/\/api.w.org\/{rel}","templated":true}]}}