{"id":147017,"date":"2026-03-10T13:01:29","date_gmt":"2026-03-10T12:01:29","guid":{"rendered":"https:\/\/store.ie.edu\/product\/sin%20categor\u00eda\/travel-blender-700ml-ieu\/"},"modified":"2026-03-10T13:23:28","modified_gmt":"2026-03-10T12:23:28","slug":"travel-blender-700ml-ieu","status":"publish","type":"product","link":"https:\/\/store.ie.edu\/es\/producto\/accessorios\/generico\/travel-blender-700ml-ieu\/","title":{"rendered":"<b>Batidora de viaje 700ml IEU<\/b>"},"content":{"rendered":"","protected":false},"excerpt":{"rendered":"<p>El regalo perfecto para fomentar un estilo de vida activo y saludable, que permite preparar smoothies frescos en cualquier momento y llevarlos como un pr\u00e1ctico vaso port\u00e1til gracias a su ligera tapa intercambiable.<\/p>\n<p>Equipada con cuchillas bidireccionales de acero inoxidable 304, tritura hielo y fruta congelada con la potencia de una batidora tradicional en un formato compacto.<\/p>\n<p>Cuenta con una botella de Tritan de 700 ml libre de BPA y una base resistente de ABS.<\/p>\n<p>Funciona a 12 V y se recarga mediante USB (5 V\/2 A) en 4\u20135 horas.<\/p>\n<p>Una bater\u00eda de 6000 mAh garantiza una autonom\u00eda fiable para el uso diario.<\/p>\n<p>Con unas dimensiones de 97 \u00d7 97 \u00d7 294 mm, es una opci\u00f3n vers\u00e1til y m\u00e1s sostenible para un regalo pr\u00e1ctico y significativo.<\/p>\n","protected":false},"featured_media":147008,"comment_status":"open","ping_status":"closed","template":"","meta":{"_seopress_robots_primary_cat":"none","_seopress_titles_title":"","_seopress_titles_desc":"","_seopress_robots_index":""},"product_brand":[],"product_cat":[201,240],"product_tag":[],"class_list":{"0":"post-147017","1":"product","2":"type-product","3":"status-publish","4":"has-post-thumbnail","6":"product_cat-accessorios","7":"product_cat-generico","9":"first","10":"instock","11":"taxable","12":"shipping-taxable","13":"purchasable","14":"product-type-simple","15":"thumb-has-effect","16":"prod-rating-off"},"_links":{"self":[{"href":"https:\/\/store.ie.edu\/es\/wp-json\/wp\/v2\/product\/147017","targetHints":{"allow":["GET"]}}],"collection":[{"href":"https:\/\/store.ie.edu\/es\/wp-json\/wp\/v2\/product"}],"about":[{"href":"https:\/\/store.ie.edu\/es\/wp-json\/wp\/v2\/types\/product"}],"replies":[{"embeddable":true,"href":"https:\/\/store.ie.edu\/es\/wp-json\/wp\/v2\/comments?post=147017"}],"wp:featuredmedia":[{"embeddable":true,"href":"https:\/\/store.ie.edu\/es\/wp-json\/wp\/v2\/media\/147008"}],"wp:attachment":[{"href":"https:\/\/store.ie.edu\/es\/wp-json\/wp\/v2\/media?parent=147017"}],"wp:term":[{"taxonomy":"product_brand","embeddable":true,"href":"https:\/\/store.ie.edu\/es\/wp-json\/wp\/v2\/product_brand?post=147017"},{"taxonomy":"product_cat","embeddable":true,"href":"https:\/\/store.ie.edu\/es\/wp-json\/wp\/v2\/product_cat?post=147017"},{"taxonomy":"product_tag","embeddable":true,"href":"https:\/\/store.ie.edu\/es\/wp-json\/wp\/v2\/product_tag?post=147017"}],"curies":[{"name":"wp","href":"https:\/\/api.w.org\/{rel}","templated":true}]}}