{"id":146957,"date":"2026-03-06T14:11:53","date_gmt":"2026-03-06T13:11:53","guid":{"rendered":"https:\/\/store.ie.edu\/product\/sin%20categor\u00eda\/ie-university-sweatshirt-half-zip\/"},"modified":"2026-03-06T14:15:55","modified_gmt":"2026-03-06T13:15:55","slug":"ie-university-sweatshirt-half-zip","status":"publish","type":"product","link":"https:\/\/store.ie.edu\/es\/producto\/hombre\/detalles-finales\/ie-university-sweatshirt-half-zip\/","title":{"rendered":"<b>Sudadera con media cremallera IE University<\/b>"},"content":{"rendered":"","protected":false},"excerpt":{"rendered":"<p>Sudadera con el logotipo de <strong>IE University<\/strong> bordado en el lado izquierdo, de la marca francesa SOL&#8217;s, con <strong>cremallera corta<\/strong> y dise\u00f1o cl\u00e1sico. Cuenta con pu\u00f1os y dobladillo acanalados para un ajuste c\u00f3modo. El tejido est\u00e1 compuesto por un 80 % de algod\u00f3n y un 20 % de poli\u00e9ster reciclado con certificaci\u00f3n GRS.<\/p>\n","protected":false},"featured_media":146952,"comment_status":"open","ping_status":"closed","template":"","meta":{"_seopress_robots_primary_cat":"none","_seopress_titles_title":"","_seopress_titles_desc":"","_seopress_robots_index":""},"product_brand":[],"product_cat":[885,203,202,279],"product_tag":[],"class_list":{"0":"post-146957","1":"product","2":"type-product","3":"status-publish","4":"has-post-thumbnail","6":"product_cat-detalles-finales","7":"product_cat-hombre","8":"product_cat-mujer","9":"product_cat-sudaderas-mujer","11":"first","12":"instock","13":"taxable","14":"shipping-taxable","15":"purchasable","16":"product-type-variable","17":"thumb-has-effect","18":"prod-rating-off"},"_links":{"self":[{"href":"https:\/\/store.ie.edu\/es\/wp-json\/wp\/v2\/product\/146957","targetHints":{"allow":["GET"]}}],"collection":[{"href":"https:\/\/store.ie.edu\/es\/wp-json\/wp\/v2\/product"}],"about":[{"href":"https:\/\/store.ie.edu\/es\/wp-json\/wp\/v2\/types\/product"}],"replies":[{"embeddable":true,"href":"https:\/\/store.ie.edu\/es\/wp-json\/wp\/v2\/comments?post=146957"}],"wp:featuredmedia":[{"embeddable":true,"href":"https:\/\/store.ie.edu\/es\/wp-json\/wp\/v2\/media\/146952"}],"wp:attachment":[{"href":"https:\/\/store.ie.edu\/es\/wp-json\/wp\/v2\/media?parent=146957"}],"wp:term":[{"taxonomy":"product_brand","embeddable":true,"href":"https:\/\/store.ie.edu\/es\/wp-json\/wp\/v2\/product_brand?post=146957"},{"taxonomy":"product_cat","embeddable":true,"href":"https:\/\/store.ie.edu\/es\/wp-json\/wp\/v2\/product_cat?post=146957"},{"taxonomy":"product_tag","embeddable":true,"href":"https:\/\/store.ie.edu\/es\/wp-json\/wp\/v2\/product_tag?post=146957"}],"curies":[{"name":"wp","href":"https:\/\/api.w.org\/{rel}","templated":true}]}}