{"id":146779,"date":"2026-02-03T18:32:53","date_gmt":"2026-02-03T17:32:53","guid":{"rendered":"https:\/\/store.ie.edu\/product\/sin%20categor\u00eda\/raincoat-ieu\/"},"modified":"2026-02-03T18:34:05","modified_gmt":"2026-02-03T17:34:05","slug":"raincoat-ieu","status":"publish","type":"product","link":"https:\/\/store.ie.edu\/es\/producto\/hombre\/abrigos-chaquetas-hombre\/raincoat-ieu\/","title":{"rendered":"<b>Impermeable IEU<\/b>"},"content":{"rendered":"","protected":false},"excerpt":{"rendered":"<p>Impermeable con logo IEU redondo dise\u00f1ado para acompa\u00f1arte en los d\u00edas de lluvia con estilo y funcionalidad, este impermeable combina protecci\u00f3n, comodidad y un dise\u00f1o limpio y contempor\u00e1neo. Confeccionado en material impermeable, ofrece una barrera eficaz contra el agua y el viento sin comprometer la ligereza ni la movilidad.<\/p>\n","protected":false},"featured_media":146753,"comment_status":"open","ping_status":"closed","template":"","meta":{"_seopress_robots_primary_cat":"none","_seopress_titles_title":"","_seopress_titles_desc":"","_seopress_robots_index":""},"product_brand":[],"product_cat":[204,251,203,202],"product_tag":[],"class_list":{"0":"post-146779","1":"product","2":"type-product","3":"status-publish","4":"has-post-thumbnail","6":"product_cat-abrigos-chaquetas-mujer","7":"product_cat-abrigos-chaquetas-hombre","8":"product_cat-hombre","9":"product_cat-mujer","11":"first","12":"instock","13":"taxable","14":"shipping-taxable","15":"purchasable","16":"product-type-variable","17":"thumb-has-effect","18":"prod-rating-off"},"_links":{"self":[{"href":"https:\/\/store.ie.edu\/es\/wp-json\/wp\/v2\/product\/146779","targetHints":{"allow":["GET"]}}],"collection":[{"href":"https:\/\/store.ie.edu\/es\/wp-json\/wp\/v2\/product"}],"about":[{"href":"https:\/\/store.ie.edu\/es\/wp-json\/wp\/v2\/types\/product"}],"replies":[{"embeddable":true,"href":"https:\/\/store.ie.edu\/es\/wp-json\/wp\/v2\/comments?post=146779"}],"wp:featuredmedia":[{"embeddable":true,"href":"https:\/\/store.ie.edu\/es\/wp-json\/wp\/v2\/media\/146753"}],"wp:attachment":[{"href":"https:\/\/store.ie.edu\/es\/wp-json\/wp\/v2\/media?parent=146779"}],"wp:term":[{"taxonomy":"product_brand","embeddable":true,"href":"https:\/\/store.ie.edu\/es\/wp-json\/wp\/v2\/product_brand?post=146779"},{"taxonomy":"product_cat","embeddable":true,"href":"https:\/\/store.ie.edu\/es\/wp-json\/wp\/v2\/product_cat?post=146779"},{"taxonomy":"product_tag","embeddable":true,"href":"https:\/\/store.ie.edu\/es\/wp-json\/wp\/v2\/product_tag?post=146779"}],"curies":[{"name":"wp","href":"https:\/\/api.w.org\/{rel}","templated":true}]}}