{"id":146764,"date":"2026-02-03T18:13:20","date_gmt":"2026-02-03T17:13:20","guid":{"rendered":"https:\/\/store.ie.edu\/product\/sin%20categor\u00eda\/extraordinary-ieu-oversized-t-shirt\/"},"modified":"2026-02-03T18:16:12","modified_gmt":"2026-02-03T17:16:12","slug":"extraordinary-ieu-oversized-t-shirt","status":"publish","type":"product","link":"https:\/\/store.ie.edu\/es\/producto\/hombre\/camisetas-hombre\/extraordinary-ieu-oversized-t-shirt\/","title":{"rendered":"<b>Camiseta Oversize Extraordinary IEU<\/b>"},"content":{"rendered":"","protected":false},"excerpt":{"rendered":"<p>Esta T-Shirt Oversize de <strong>IE University<\/strong> destaca por su dise\u00f1o contempor\u00e1neo y su mensaje inspirador. En la parte frontal, incorpora el logotipo <strong>IE<\/strong> en contraste blanco y en la espalda, la frase <strong><em>\u201cExtraordinary happens here\u201d<\/em><\/strong> cobra protagonismo con un dise\u00f1o gr\u00e1fico de car\u00e1cter urbano que refleja la energ\u00eda creativa y transformadora de la comunidad IE.<\/p>\n<p>Confeccionada en un elegante tono azul marino y de corte oversize, es una prenda pensada para quienes viven la experiencia IE con personalidad, dentro y fuera del campus.<\/p>\n","protected":false},"featured_media":146761,"comment_status":"open","ping_status":"closed","template":"","meta":{"_seopress_robots_primary_cat":"none","_seopress_titles_title":"","_seopress_titles_desc":"","_seopress_robots_index":""},"product_brand":[],"product_cat":[206,205,203,202],"product_tag":[],"class_list":{"0":"post-146764","1":"product","2":"type-product","3":"status-publish","4":"has-post-thumbnail","6":"product_cat-camisetas-hombre","7":"product_cat-camisetas-mujer","8":"product_cat-hombre","9":"product_cat-mujer","11":"first","12":"instock","13":"taxable","14":"shipping-taxable","15":"purchasable","16":"product-type-variable","17":"thumb-has-effect","18":"prod-rating-off"},"_links":{"self":[{"href":"https:\/\/store.ie.edu\/es\/wp-json\/wp\/v2\/product\/146764","targetHints":{"allow":["GET"]}}],"collection":[{"href":"https:\/\/store.ie.edu\/es\/wp-json\/wp\/v2\/product"}],"about":[{"href":"https:\/\/store.ie.edu\/es\/wp-json\/wp\/v2\/types\/product"}],"replies":[{"embeddable":true,"href":"https:\/\/store.ie.edu\/es\/wp-json\/wp\/v2\/comments?post=146764"}],"wp:featuredmedia":[{"embeddable":true,"href":"https:\/\/store.ie.edu\/es\/wp-json\/wp\/v2\/media\/146761"}],"wp:attachment":[{"href":"https:\/\/store.ie.edu\/es\/wp-json\/wp\/v2\/media?parent=146764"}],"wp:term":[{"taxonomy":"product_brand","embeddable":true,"href":"https:\/\/store.ie.edu\/es\/wp-json\/wp\/v2\/product_brand?post=146764"},{"taxonomy":"product_cat","embeddable":true,"href":"https:\/\/store.ie.edu\/es\/wp-json\/wp\/v2\/product_cat?post=146764"},{"taxonomy":"product_tag","embeddable":true,"href":"https:\/\/store.ie.edu\/es\/wp-json\/wp\/v2\/product_tag?post=146764"}],"curies":[{"name":"wp","href":"https:\/\/api.w.org\/{rel}","templated":true}]}}