{"id":146300,"date":"2025-11-17T14:56:04","date_gmt":"2025-11-17T13:56:04","guid":{"rendered":"https:\/\/store.ie.edu\/product\/sin%20categor\u00eda\/game-changer-long-sleeve-t-shirt\/"},"modified":"2026-05-04T13:29:15","modified_gmt":"2026-05-04T11:29:15","slug":"game-changer-long-sleeve-t-shirt","status":"publish","type":"product","link":"https:\/\/store.ie.edu\/es\/producto\/hombre\/camisetas-hombre\/game-changer-long-sleeve-t-shirt\/","title":{"rendered":"Camiseta de manga larga Game Changer"},"content":{"rendered":"<p data-start=\"1905\" data-end=\"2036\">La camiseta de manga larga IE University Game Changer combina comodidad, resistencia y un dise\u00f1o limpio pensado para el uso diario.<\/p>\n<p data-start=\"2038\" data-end=\"2257\">Fabricada en 100% algod\u00f3n org\u00e1nico peinado (200 g\/m\u00b2), ofrece una textura suave con mayor consistencia. Su corte regular, el cuello y pu\u00f1os acanalados, y su construcci\u00f3n cl\u00e1sica garantizan comodidad durante todo el d\u00eda.<\/p>\n<p data-start=\"2259\" data-end=\"2394\">Con el gr\u00e1fico \u201cWe Are The Game Changers\u201d, aporta un elemento distintivo manteniendo un estilo vers\u00e1til para el campus y el uso diario.<\/p>\n<p data-start=\"2396\" data-end=\"2422\"><strong data-start=\"2396\" data-end=\"2422\">Caracter\u00edsticas clave:<\/strong><\/p>\n<ul data-start=\"2423\" data-end=\"2728\">\n<li data-start=\"2423\" data-end=\"2467\">100% algod\u00f3n org\u00e1nico peinado (200 g\/m\u00b2)<\/li>\n<li data-start=\"2468\" data-end=\"2497\">Tejido suave y resistente<\/li>\n<li data-start=\"2498\" data-end=\"2523\">Dise\u00f1o de manga larga<\/li>\n<li data-start=\"2524\" data-end=\"2541\">Corte regular<\/li>\n<li data-start=\"2542\" data-end=\"2571\">Cuello y pu\u00f1os acanalados<\/li>\n<li data-start=\"2572\" data-end=\"2612\">Estampado \u201cWe Are The Game Changers\u201d<\/li>\n<li data-start=\"2613\" data-end=\"2693\">Certificaciones: GOTS, Oeko-Tex Standard 100, PETA Approved Vegan, Fair Wear<\/li>\n<li data-start=\"2694\" data-end=\"2728\">Ideal para campus y uso diario<\/li>\n<\/ul>\n","protected":false},"excerpt":{"rendered":"<p data-start=\"1672\" data-end=\"1812\">Camiseta de manga larga IE University confeccionada en 100% algod\u00f3n org\u00e1nico, dise\u00f1ada para ofrecer comodidad y un estilo limpio y vers\u00e1til.<\/p>\n<p data-start=\"1814\" data-end=\"1871\">Suave, resistente e ideal para el campus y el uso diario.<\/p>\n","protected":false},"featured_media":146283,"comment_status":"open","ping_status":"closed","template":"","meta":{"_seopress_robots_primary_cat":"none","_seopress_titles_title":"","_seopress_titles_desc":"","_seopress_robots_index":""},"product_brand":[],"product_cat":[205,206,952],"product_tag":[],"class_list":{"0":"post-146300","1":"product","2":"type-product","3":"status-publish","4":"has-post-thumbnail","6":"product_cat-camisetas-mujer","7":"product_cat-camisetas-hombre","8":"product_cat-ultimas-unidades","10":"first","11":"instock","12":"sale","13":"taxable","14":"shipping-taxable","15":"purchasable","16":"product-type-variable","17":"thumb-has-effect","18":"prod-rating-off"},"_links":{"self":[{"href":"https:\/\/store.ie.edu\/es\/wp-json\/wp\/v2\/product\/146300","targetHints":{"allow":["GET"]}}],"collection":[{"href":"https:\/\/store.ie.edu\/es\/wp-json\/wp\/v2\/product"}],"about":[{"href":"https:\/\/store.ie.edu\/es\/wp-json\/wp\/v2\/types\/product"}],"replies":[{"embeddable":true,"href":"https:\/\/store.ie.edu\/es\/wp-json\/wp\/v2\/comments?post=146300"}],"wp:featuredmedia":[{"embeddable":true,"href":"https:\/\/store.ie.edu\/es\/wp-json\/wp\/v2\/media\/146283"}],"wp:attachment":[{"href":"https:\/\/store.ie.edu\/es\/wp-json\/wp\/v2\/media?parent=146300"}],"wp:term":[{"taxonomy":"product_brand","embeddable":true,"href":"https:\/\/store.ie.edu\/es\/wp-json\/wp\/v2\/product_brand?post=146300"},{"taxonomy":"product_cat","embeddable":true,"href":"https:\/\/store.ie.edu\/es\/wp-json\/wp\/v2\/product_cat?post=146300"},{"taxonomy":"product_tag","embeddable":true,"href":"https:\/\/store.ie.edu\/es\/wp-json\/wp\/v2\/product_tag?post=146300"}],"curies":[{"name":"wp","href":"https:\/\/api.w.org\/{rel}","templated":true}]}}