{"id":146228,"date":"2025-11-06T13:52:17","date_gmt":"2025-11-06T12:52:17","guid":{"rendered":"https:\/\/store.ie.edu\/product\/sin%20categor\u00eda\/ie-business-school-sweatshirt-half-zip\/"},"modified":"2026-05-04T10:52:31","modified_gmt":"2026-05-04T08:52:31","slug":"ie-business-school-sweatshirt-half-zip","status":"publish","type":"product","link":"https:\/\/store.ie.edu\/es\/producto\/hombre\/sudaderas-hombre\/ie-business-school-sweatshirt-half-zip\/","title":{"rendered":"Sudadera con media cremallera IE Business School"},"content":{"rendered":"<p data-start=\"1593\" data-end=\"1709\">La sudadera IE Business School con media cremallera combina comodidad y funcionalidad en un dise\u00f1o limpio y cl\u00e1sico.<\/p>\n<p data-start=\"1711\" data-end=\"1982\">Incorpora el logo de IE Business School bordado en el pecho, aportando un estilo vers\u00e1til y cuidado. Est\u00e1 confeccionada en una mezcla de algod\u00f3n (80% algod\u00f3n y 20% poli\u00e9ster reciclado con certificaci\u00f3n GRS), ofreciendo suavidad e incorporando materiales m\u00e1s responsables.<\/p>\n<p data-start=\"1984\" data-end=\"2123\">Los pu\u00f1os y el bajo acanalados garantizan un ajuste c\u00f3modo, convirti\u00e9ndola en una prenda pr\u00e1ctica para el d\u00eda a d\u00eda y la vida en el campus.<\/p>\n<p data-start=\"2125\" data-end=\"2151\"><strong data-start=\"2125\" data-end=\"2151\">Caracter\u00edsticas clave:<\/strong><\/p>\n<ul data-start=\"2152\" data-end=\"2371\">\n<li data-start=\"2152\" data-end=\"2214\">80% algod\u00f3n, 20% poli\u00e9ster reciclado con certificaci\u00f3n GRS<\/li>\n<li data-start=\"2215\" data-end=\"2246\">Dise\u00f1o con media cremallera<\/li>\n<li data-start=\"2247\" data-end=\"2282\">Logo IE Business School bordado<\/li>\n<li data-start=\"2283\" data-end=\"2310\">Pu\u00f1os y bajo acanalados<\/li>\n<li data-start=\"2311\" data-end=\"2336\">Tejido suave y c\u00f3modo<\/li>\n<li data-start=\"2337\" data-end=\"2371\">Ideal para campus y uso diario<\/li>\n<\/ul>\n","protected":false},"excerpt":{"rendered":"<p data-start=\"1389\" data-end=\"1502\">Sudadera IE Business School con media cremallera, dise\u00f1ada para ofrecer comodidad y un estilo cl\u00e1sico y vers\u00e1til.<\/p>\n<p data-start=\"1504\" data-end=\"1559\">Suave, pr\u00e1ctica e ideal para el campus y el uso diario.<\/p>\n","protected":false},"featured_media":146223,"comment_status":"open","ping_status":"closed","template":"","meta":{"_seopress_robots_primary_cat":"none","_seopress_titles_title":"","_seopress_titles_desc":"","_seopress_robots_index":""},"product_brand":[],"product_cat":[203,202,252,279],"product_tag":[747,947,762,948],"class_list":{"0":"post-146228","1":"product","2":"type-product","3":"status-publish","4":"has-post-thumbnail","6":"product_cat-hombre","7":"product_cat-mujer","8":"product_cat-sudaderas-hombre","9":"product_cat-sudaderas-mujer","10":"product_tag-ie-es","11":"product_tag-iebs-es","12":"product_tag-ieu-es","13":"product_tag-sweatshirt-es","15":"first","16":"instock","17":"taxable","18":"shipping-taxable","19":"purchasable","20":"product-type-variable","21":"thumb-has-effect","22":"prod-rating-off"},"_links":{"self":[{"href":"https:\/\/store.ie.edu\/es\/wp-json\/wp\/v2\/product\/146228","targetHints":{"allow":["GET"]}}],"collection":[{"href":"https:\/\/store.ie.edu\/es\/wp-json\/wp\/v2\/product"}],"about":[{"href":"https:\/\/store.ie.edu\/es\/wp-json\/wp\/v2\/types\/product"}],"replies":[{"embeddable":true,"href":"https:\/\/store.ie.edu\/es\/wp-json\/wp\/v2\/comments?post=146228"}],"wp:featuredmedia":[{"embeddable":true,"href":"https:\/\/store.ie.edu\/es\/wp-json\/wp\/v2\/media\/146223"}],"wp:attachment":[{"href":"https:\/\/store.ie.edu\/es\/wp-json\/wp\/v2\/media?parent=146228"}],"wp:term":[{"taxonomy":"product_brand","embeddable":true,"href":"https:\/\/store.ie.edu\/es\/wp-json\/wp\/v2\/product_brand?post=146228"},{"taxonomy":"product_cat","embeddable":true,"href":"https:\/\/store.ie.edu\/es\/wp-json\/wp\/v2\/product_cat?post=146228"},{"taxonomy":"product_tag","embeddable":true,"href":"https:\/\/store.ie.edu\/es\/wp-json\/wp\/v2\/product_tag?post=146228"}],"curies":[{"name":"wp","href":"https:\/\/api.w.org\/{rel}","templated":true}]}}