{"id":146165,"date":"2025-10-31T19:04:57","date_gmt":"2025-10-31T18:04:57","guid":{"rendered":"https:\/\/store.ie.edu\/product\/sin%20categor\u00eda\/lululemon-flared-leggings-ieu\/"},"modified":"2025-11-14T13:44:36","modified_gmt":"2025-11-14T12:44:36","slug":"lululemon-flared-leggings-ieu","status":"publish","type":"product","link":"https:\/\/store.ie.edu\/es\/producto\/colaboraciones\/lululemon-es\/lululemon-flared-leggings-ieu\/","title":{"rendered":"<b>Leggings Acampanados Lululemon IEU<\/b>"},"content":{"rendered":"<article class=\"text-token-text-primary w-full focus:outline-none [--shadow-height:45px] has-data-writing-block:pointer-events-none has-data-writing-block:-mt-(--shadow-height) has-data-writing-block:pt-(--shadow-height) [&amp;:has([data-writing-block])&gt;*]:pointer-events-auto [content-visibility:auto] supports-[content-visibility:auto]:[contain-intrinsic-size:auto_100lvh] scroll-mt-[calc(var(--header-height)+min(200px,max(70px,20svh)))]\" dir=\"auto\" tabindex=\"-1\" data-turn-id=\"request-WEB:3aab7a90-5391-4418-9642-e0b150bb597c-10\" data-testid=\"conversation-turn-22\" data-scroll-anchor=\"true\" data-turn=\"assistant\">\n<div class=\"text-base my-auto mx-auto pb-10 [--thread-content-margin:--spacing(4)] thread-sm:[--thread-content-margin:--spacing(6)] thread-lg:[--thread-content-margin:--spacing(16)] px-(--thread-content-margin)\">\n<div class=\"[--thread-content-max-width:40rem] thread-lg:[--thread-content-max-width:48rem] mx-auto max-w-(--thread-content-max-width) flex-1 group\/turn-messages focus-visible:outline-hidden relative flex w-full min-w-0 flex-col agent-turn\" tabindex=\"-1\">\n<div class=\"flex max-w-full flex-col grow\">\n<div class=\"min-h-8 text-message relative flex w-full flex-col items-end gap-2 text-start break-words whitespace-normal [.text-message+&amp;]:mt-1\" dir=\"auto\" data-message-author-role=\"assistant\" data-message-id=\"2076dcd7-13d5-4527-a1a3-5653aa2d579d\" data-message-model-slug=\"gpt-5\">\n<div class=\"flex w-full flex-col gap-1 empty:hidden first:pt-[1px]\">\n<div class=\"markdown prose dark:prose-invert w-full break-words light markdown-new-styling\"><strong data-start=\"438\" data-end=\"452\">MATERIALES<\/strong><\/div>\n<ul>\n<li class=\"markdown prose dark:prose-invert w-full break-words light markdown-new-styling\">Tejido Nulu\u2122 ligero<\/li>\n<li>81% nailon<\/li>\n<li>19% elastano Lycra\u00ae<\/li>\n<\/ul>\n<p><strong data-start=\"733\" data-end=\"745\">CUIDADOS<\/strong><\/p>\n<ul>\n<li class=\"markdown prose dark:prose-invert w-full break-words light markdown-new-styling\">Lavar a m\u00e1quina en fr\u00edo<\/li>\n<li class=\"markdown prose dark:prose-invert w-full break-words light markdown-new-styling\">No usar lej\u00eda<\/li>\n<li class=\"markdown prose dark:prose-invert w-full break-words light markdown-new-styling\">Secar a baja temperatura<\/li>\n<li class=\"markdown prose dark:prose-invert w-full break-words light markdown-new-styling\">No planchar<\/li>\n<li class=\"markdown prose dark:prose-invert w-full break-words light markdown-new-styling\">No lavar en seco<\/li>\n<li class=\"markdown prose dark:prose-invert w-full break-words light markdown-new-styling\">Lavar con colores similares<\/li>\n<\/ul>\n<\/div>\n<\/div>\n<\/div>\n<div class=\"z-0 flex min-h-[46px] justify-start\"><\/div>\n<div class=\"mt-3 w-full empty:hidden\">\n<div class=\"text-center\"><\/div>\n<\/div>\n<\/div>\n<\/div>\n<\/article>\n<div class=\"pointer-events-none h-px w-px\" aria-hidden=\"true\" data-edge=\"true\"><\/div>\n","protected":false},"excerpt":{"rendered":"<p>Leggings Lululemon con dise\u00f1o ergon\u00f3mico de talle alto y esp\u00edritu IE University\u00a0 dise\u00f1ados para ofrecer comodidad total, suavidad y libertad de movimiento.<br data-start=\"536\" data-end=\"539\" \/>Confeccionados en tejido Nulu\u2122, ultraligero y de tacto sedoso, brindan un ajuste flexible que acompa\u00f1a cada movimiento.<\/p>\n<p><strong>Edici\u00f3n limitada<\/strong> con esencia IE, disponible exclusivamente en IE Store.<\/p>\n","protected":false},"featured_media":146150,"comment_status":"open","ping_status":"closed","template":"","meta":{"_seopress_robots_primary_cat":"none","_seopress_titles_title":"","_seopress_titles_desc":"","_seopress_robots_index":""},"product_brand":[],"product_cat":[871,952],"product_tag":[942,747,762,943],"class_list":{"0":"post-146165","1":"product","2":"type-product","3":"status-publish","4":"has-post-thumbnail","6":"product_cat-lululemon-es","7":"product_cat-ultimas-unidades","8":"product_tag-activewear-es","9":"product_tag-ie-es","10":"product_tag-ieu-es","11":"product_tag-lululemon-es","13":"first","14":"instock","15":"sale","16":"taxable","17":"shipping-taxable","18":"purchasable","19":"product-type-variable","20":"thumb-has-effect","21":"prod-rating-off"},"_links":{"self":[{"href":"https:\/\/store.ie.edu\/es\/wp-json\/wp\/v2\/product\/146165","targetHints":{"allow":["GET"]}}],"collection":[{"href":"https:\/\/store.ie.edu\/es\/wp-json\/wp\/v2\/product"}],"about":[{"href":"https:\/\/store.ie.edu\/es\/wp-json\/wp\/v2\/types\/product"}],"replies":[{"embeddable":true,"href":"https:\/\/store.ie.edu\/es\/wp-json\/wp\/v2\/comments?post=146165"}],"wp:featuredmedia":[{"embeddable":true,"href":"https:\/\/store.ie.edu\/es\/wp-json\/wp\/v2\/media\/146150"}],"wp:attachment":[{"href":"https:\/\/store.ie.edu\/es\/wp-json\/wp\/v2\/media?parent=146165"}],"wp:term":[{"taxonomy":"product_brand","embeddable":true,"href":"https:\/\/store.ie.edu\/es\/wp-json\/wp\/v2\/product_brand?post=146165"},{"taxonomy":"product_cat","embeddable":true,"href":"https:\/\/store.ie.edu\/es\/wp-json\/wp\/v2\/product_cat?post=146165"},{"taxonomy":"product_tag","embeddable":true,"href":"https:\/\/store.ie.edu\/es\/wp-json\/wp\/v2\/product_tag?post=146165"}],"curies":[{"name":"wp","href":"https:\/\/api.w.org\/{rel}","templated":true}]}}