{"id":146087,"date":"2025-10-28T11:23:55","date_gmt":"2025-10-28T10:23:55","guid":{"rendered":"https:\/\/store.ie.edu\/product\/sin%20categor\u00eda\/ieu-dad-t-shirt\/"},"modified":"2026-02-25T23:27:45","modified_gmt":"2026-02-25T22:27:45","slug":"ieu-dad-t-shirt","status":"publish","type":"product","link":"https:\/\/store.ie.edu\/es\/producto\/hombre\/camisetas-hombre\/ieu-dad-t-shirt\/","title":{"rendered":"<b>Camiseta IEU Dad<\/b>"},"content":{"rendered":"","protected":false},"excerpt":{"rendered":"<p>Descubre nuestra exclusiva camiseta dise\u00f1ada especialmente para los padres de los alumnos universitarios. Con mangas ragl\u00e1n y un cuello acanalado 1&#215;1, esta T-shirt presenta un acabado interno con tejido del mismo material, garantizando comodidad y estilo. La resistencia es clave, gracias a la doble costura en los pu\u00f1os y el dobladillo. Hecha de 100% algod\u00f3n org\u00e1nico peinado y con tejido lavado para mayor suavidad, la camiseta cuenta con un print en el pecho con la palabra &#8220;DAD&#8221;. \u00a1Un tributo a su esfuerzo y dedicaci\u00f3n!<\/p>\n","protected":false},"featured_media":146084,"comment_status":"open","ping_status":"closed","template":"","meta":{"_seopress_robots_primary_cat":"none","_seopress_titles_title":"","_seopress_titles_desc":"","_seopress_robots_index":""},"product_brand":[],"product_cat":[206,203],"product_tag":[938,747,762,939],"class_list":{"0":"post-146087","1":"product","2":"type-product","3":"status-publish","4":"has-post-thumbnail","6":"product_cat-camisetas-hombre","7":"product_cat-hombre","8":"product_tag-dad-es","9":"product_tag-ie-es","10":"product_tag-ieu-es","11":"product_tag-t-shirt-es","13":"first","14":"instock","15":"taxable","16":"shipping-taxable","17":"purchasable","18":"product-type-variable","19":"thumb-has-effect","20":"prod-rating-off"},"_links":{"self":[{"href":"https:\/\/store.ie.edu\/es\/wp-json\/wp\/v2\/product\/146087","targetHints":{"allow":["GET"]}}],"collection":[{"href":"https:\/\/store.ie.edu\/es\/wp-json\/wp\/v2\/product"}],"about":[{"href":"https:\/\/store.ie.edu\/es\/wp-json\/wp\/v2\/types\/product"}],"replies":[{"embeddable":true,"href":"https:\/\/store.ie.edu\/es\/wp-json\/wp\/v2\/comments?post=146087"}],"wp:featuredmedia":[{"embeddable":true,"href":"https:\/\/store.ie.edu\/es\/wp-json\/wp\/v2\/media\/146084"}],"wp:attachment":[{"href":"https:\/\/store.ie.edu\/es\/wp-json\/wp\/v2\/media?parent=146087"}],"wp:term":[{"taxonomy":"product_brand","embeddable":true,"href":"https:\/\/store.ie.edu\/es\/wp-json\/wp\/v2\/product_brand?post=146087"},{"taxonomy":"product_cat","embeddable":true,"href":"https:\/\/store.ie.edu\/es\/wp-json\/wp\/v2\/product_cat?post=146087"},{"taxonomy":"product_tag","embeddable":true,"href":"https:\/\/store.ie.edu\/es\/wp-json\/wp\/v2\/product_tag?post=146087"}],"curies":[{"name":"wp","href":"https:\/\/api.w.org\/{rel}","templated":true}]}}