{"id":146030,"date":"2025-10-27T18:50:17","date_gmt":"2025-10-27T17:50:17","guid":{"rendered":"https:\/\/store.ie.edu\/product\/sin%20categor\u00eda\/eastpak-toiletry-bag-ieu\/"},"modified":"2026-05-06T10:32:38","modified_gmt":"2026-05-06T08:32:38","slug":"eastpak-toiletry-bag-ieu","status":"publish","type":"product","link":"https:\/\/store.ie.edu\/es\/producto\/colaboraciones\/eastpak-es\/eastpak-toiletry-bag-ieu\/","title":{"rendered":"Neceser IE University Eastpak"},"content":{"rendered":"<p data-start=\"1631\" data-end=\"1746\">El neceser IE University de Eastpak combina organizaci\u00f3n y funcionalidad en un dise\u00f1o compacto pensado para viajar.<\/p>\n<p data-start=\"1748\" data-end=\"1979\">Cuenta con dos compartimentos principales y m\u00faltiples bolsillos con cremallera que facilitan la organizaci\u00f3n de objetos personales. Incorpora un gancho para colgar que permite un acceso c\u00f3modo tanto en casa como en desplazamientos.<\/p>\n<p data-start=\"1981\" data-end=\"2068\">Ligero y resistente, est\u00e1 dise\u00f1ado para acompa\u00f1ar tanto en el d\u00eda a d\u00eda como en viajes.<\/p>\n<p data-start=\"2070\" data-end=\"2096\"><strong data-start=\"2070\" data-end=\"2096\">Caracter\u00edsticas clave:<\/strong><\/p>\n<ul data-start=\"2097\" data-end=\"2381\">\n<li data-start=\"2097\" data-end=\"2131\">Dos compartimentos principales<\/li>\n<li data-start=\"2132\" data-end=\"2170\">M\u00faltiples bolsillos con cremallera<\/li>\n<li data-start=\"2171\" data-end=\"2203\">Gancho integrado para colgar<\/li>\n<li data-start=\"2204\" data-end=\"2236\">Dise\u00f1o compacto y organizado<\/li>\n<li data-start=\"2237\" data-end=\"2257\">Ligero (0,22 kg)<\/li>\n<li data-start=\"2258\" data-end=\"2290\">Material resistente de nylon<\/li>\n<li data-start=\"2291\" data-end=\"2315\">Material 100% vegano<\/li>\n<li data-start=\"2316\" data-end=\"2346\">Medidas: 17,5 \u00d7 26 \u00d7 10 cm<\/li>\n<li data-start=\"2347\" data-end=\"2381\">Ideal para viajes y uso diario<\/li>\n<\/ul>\n","protected":false},"excerpt":{"rendered":"<p data-start=\"1420\" data-end=\"1541\">Neceser IE University de Eastpak, dise\u00f1ado para organizar objetos personales con un estilo limpio y funcional.<\/p>\n<p data-start=\"1543\" data-end=\"1596\">Espacioso, pr\u00e1ctico e ideal para viajes y uso diario.<\/p>\n","protected":false},"featured_media":146021,"comment_status":"open","ping_status":"closed","template":"","meta":{"_seopress_robots_primary_cat":"none","_seopress_titles_title":"","_seopress_titles_desc":"","_seopress_robots_index":""},"product_brand":[],"product_cat":[864,869,908],"product_tag":[921,922,747,762,923],"class_list":{"0":"post-146030","1":"product","2":"type-product","3":"status-publish","4":"has-post-thumbnail","6":"product_cat-colaboraciones","7":"product_cat-eastpak-es","8":"product_cat-esenciales-viaje","9":"product_tag-eastpak-es","10":"product_tag-essentials-es","11":"product_tag-ie-es","12":"product_tag-ieu-es","13":"product_tag-travel-es","15":"first","16":"instock","17":"taxable","18":"shipping-taxable","19":"product-type-simple","20":"thumb-has-effect","21":"prod-rating-off"},"_links":{"self":[{"href":"https:\/\/store.ie.edu\/es\/wp-json\/wp\/v2\/product\/146030","targetHints":{"allow":["GET"]}}],"collection":[{"href":"https:\/\/store.ie.edu\/es\/wp-json\/wp\/v2\/product"}],"about":[{"href":"https:\/\/store.ie.edu\/es\/wp-json\/wp\/v2\/types\/product"}],"replies":[{"embeddable":true,"href":"https:\/\/store.ie.edu\/es\/wp-json\/wp\/v2\/comments?post=146030"}],"wp:featuredmedia":[{"embeddable":true,"href":"https:\/\/store.ie.edu\/es\/wp-json\/wp\/v2\/media\/146021"}],"wp:attachment":[{"href":"https:\/\/store.ie.edu\/es\/wp-json\/wp\/v2\/media?parent=146030"}],"wp:term":[{"taxonomy":"product_brand","embeddable":true,"href":"https:\/\/store.ie.edu\/es\/wp-json\/wp\/v2\/product_brand?post=146030"},{"taxonomy":"product_cat","embeddable":true,"href":"https:\/\/store.ie.edu\/es\/wp-json\/wp\/v2\/product_cat?post=146030"},{"taxonomy":"product_tag","embeddable":true,"href":"https:\/\/store.ie.edu\/es\/wp-json\/wp\/v2\/product_tag?post=146030"}],"curies":[{"name":"wp","href":"https:\/\/api.w.org\/{rel}","templated":true}]}}