{"id":145819,"date":"2025-09-05T13:42:39","date_gmt":"2025-09-05T11:42:39","guid":{"rendered":"https:\/\/store.ie.edu\/product\/sin%20categor\u00eda\/pasley-cotton-bandana-ieu\/"},"modified":"2025-09-05T13:44:59","modified_gmt":"2025-09-05T11:44:59","slug":"pasley-cotton-bandana-ieu","status":"publish","type":"product","link":"https:\/\/store.ie.edu\/es\/producto\/accessorios\/generico\/pasley-cotton-bandana-ieu\/","title":{"rendered":"<b>Pa\u00f1uelo de algod\u00f3n Pasley IEU <\/b>"},"content":{"rendered":"","protected":false},"excerpt":{"rendered":"<p>Descubre el pa\u00f1uelo de IE University, confeccionado con algod\u00f3n 100 % org\u00e1nico de la m\u00e1s alta calidad. Con un dise\u00f1o personalizado y un borde acabado a mano a m\u00e1quina, es un accesorio \u00fanico y vers\u00e1til. Fabricado en Italia, este pa\u00f1uelo encarna el estilo distintivo y la esencia de IE University.<\/p>\n","protected":false},"featured_media":145815,"comment_status":"open","ping_status":"closed","template":"","meta":{"_seopress_robots_primary_cat":"none","_seopress_titles_title":"","_seopress_titles_desc":"","_seopress_robots_index":""},"product_brand":[],"product_cat":[464,201,240],"product_tag":[914,747,762,915,765,917],"class_list":{"0":"post-145819","1":"product","2":"type-product","3":"status-publish","4":"has-post-thumbnail","6":"product_cat-accesorios","7":"product_cat-accessorios","8":"product_cat-generico","9":"product_tag-cotton-es","10":"product_tag-ie-es","11":"product_tag-ieu-es","12":"product_tag-made-in-italy-es","13":"product_tag-organic-es","14":"product_tag-scarff-es","16":"first","17":"instock","18":"taxable","19":"shipping-taxable","20":"purchasable","21":"product-type-simple","22":"thumb-has-effect","23":"prod-rating-off"},"_links":{"self":[{"href":"https:\/\/store.ie.edu\/es\/wp-json\/wp\/v2\/product\/145819","targetHints":{"allow":["GET"]}}],"collection":[{"href":"https:\/\/store.ie.edu\/es\/wp-json\/wp\/v2\/product"}],"about":[{"href":"https:\/\/store.ie.edu\/es\/wp-json\/wp\/v2\/types\/product"}],"replies":[{"embeddable":true,"href":"https:\/\/store.ie.edu\/es\/wp-json\/wp\/v2\/comments?post=145819"}],"wp:featuredmedia":[{"embeddable":true,"href":"https:\/\/store.ie.edu\/es\/wp-json\/wp\/v2\/media\/145815"}],"wp:attachment":[{"href":"https:\/\/store.ie.edu\/es\/wp-json\/wp\/v2\/media?parent=145819"}],"wp:term":[{"taxonomy":"product_brand","embeddable":true,"href":"https:\/\/store.ie.edu\/es\/wp-json\/wp\/v2\/product_brand?post=145819"},{"taxonomy":"product_cat","embeddable":true,"href":"https:\/\/store.ie.edu\/es\/wp-json\/wp\/v2\/product_cat?post=145819"},{"taxonomy":"product_tag","embeddable":true,"href":"https:\/\/store.ie.edu\/es\/wp-json\/wp\/v2\/product_tag?post=145819"}],"curies":[{"name":"wp","href":"https:\/\/api.w.org\/{rel}","templated":true}]}}