{"id":145811,"date":"2025-09-05T13:27:17","date_gmt":"2025-09-05T11:27:17","guid":{"rendered":"https:\/\/store.ie.edu\/product\/sin%20categor\u00eda\/rocket-cotton-bandana-ieu\/"},"modified":"2025-09-05T13:49:43","modified_gmt":"2025-09-05T11:49:43","slug":"rocket-cotton-bandana-ieu","status":"publish","type":"product","link":"https:\/\/store.ie.edu\/es\/producto\/accessorios\/generico\/rocket-cotton-bandana-ieu\/","title":{"rendered":"<b>Pa\u00f1uelo de algod\u00f3n Cohete IE<\/b>"},"content":{"rendered":"","protected":false},"excerpt":{"rendered":"<p>Descubre el pa\u00f1uelo de IE University, confeccionado con algod\u00f3n 100 % org\u00e1nico de la m\u00e1s alta calidad. Con un dise\u00f1o personalizado y un borde acabado a mano a m\u00e1quina, es un accesorio \u00fanico y vers\u00e1til. Fabricado en Italia, este pa\u00f1uelo encarna el estilo distintivo y la esencia de IE University.<\/p>\n","protected":false},"featured_media":145804,"comment_status":"open","ping_status":"closed","template":"","meta":{"_seopress_robots_primary_cat":"none","_seopress_titles_title":"","_seopress_titles_desc":"","_seopress_robots_index":""},"product_brand":[],"product_cat":[464,201,240],"product_tag":[914,747,762,915,765],"class_list":{"0":"post-145811","1":"product","2":"type-product","3":"status-publish","4":"has-post-thumbnail","6":"product_cat-accesorios","7":"product_cat-accessorios","8":"product_cat-generico","9":"product_tag-cotton-es","10":"product_tag-ie-es","11":"product_tag-ieu-es","12":"product_tag-made-in-italy-es","13":"product_tag-organic-es","15":"first","16":"instock","17":"taxable","18":"shipping-taxable","19":"purchasable","20":"product-type-simple","21":"thumb-has-effect","22":"prod-rating-off"},"_links":{"self":[{"href":"https:\/\/store.ie.edu\/es\/wp-json\/wp\/v2\/product\/145811","targetHints":{"allow":["GET"]}}],"collection":[{"href":"https:\/\/store.ie.edu\/es\/wp-json\/wp\/v2\/product"}],"about":[{"href":"https:\/\/store.ie.edu\/es\/wp-json\/wp\/v2\/types\/product"}],"replies":[{"embeddable":true,"href":"https:\/\/store.ie.edu\/es\/wp-json\/wp\/v2\/comments?post=145811"}],"wp:featuredmedia":[{"embeddable":true,"href":"https:\/\/store.ie.edu\/es\/wp-json\/wp\/v2\/media\/145804"}],"wp:attachment":[{"href":"https:\/\/store.ie.edu\/es\/wp-json\/wp\/v2\/media?parent=145811"}],"wp:term":[{"taxonomy":"product_brand","embeddable":true,"href":"https:\/\/store.ie.edu\/es\/wp-json\/wp\/v2\/product_brand?post=145811"},{"taxonomy":"product_cat","embeddable":true,"href":"https:\/\/store.ie.edu\/es\/wp-json\/wp\/v2\/product_cat?post=145811"},{"taxonomy":"product_tag","embeddable":true,"href":"https:\/\/store.ie.edu\/es\/wp-json\/wp\/v2\/product_tag?post=145811"}],"curies":[{"name":"wp","href":"https:\/\/api.w.org\/{rel}","templated":true}]}}