{"id":145350,"date":"2025-03-30T20:19:34","date_gmt":"2025-03-30T18:19:34","guid":{"rendered":"https:\/\/store.ie.edu\/product\/sin%20categor\u00eda\/luxury-silk-scarf-ieu\/"},"modified":"2025-05-23T16:07:49","modified_gmt":"2025-05-23T14:07:49","slug":"luxury-silk-scarf-ieu","status":"publish","type":"product","link":"https:\/\/store.ie.edu\/es\/producto\/accessorios\/generico\/luxury-silk-scarf-ieu\/","title":{"rendered":"<b>Exclusivo Pa\u00f1uelo de Seda IEU<\/b>"},"content":{"rendered":"","protected":false},"excerpt":{"rendered":"<p data-start=\"0\" data-end=\"88\">Pa\u00f1uelo de Seda Emblem\u00e1tico IE University.<\/p>\n<p data-start=\"90\" data-end=\"153\">Descubre una pieza ic\u00f3nica que une distinci\u00f3n y pertenencia.<\/p>\n<p data-start=\"155\" data-end=\"369\">Confeccionado en Italia con seda 100% natural (twill de 17.5 mommes), este pa\u00f1uelo de 90\u00d790 cm destaca por su acabado artesanal y su dise\u00f1o exclusivo inspirado en la esencia de <strong>IE University.<\/strong><\/p>\n<p data-start=\"371\" data-end=\"473\">Edici\u00f3n limitada con estampado \u00fanico que resalta tu v\u00ednculo con IE y tu estilo sofisticado.<\/p>\n<p data-start=\"475\" data-end=\"549\"><strong data-start=\"475\" data-end=\"549\">Exclusivo en IE Store.\u00a0 H<\/strong><strong data-start=\"475\" data-end=\"549\">az tuyo este s\u00edmbolo de identidad y elegancia<\/strong><\/p>\n","protected":false},"featured_media":145339,"comment_status":"open","ping_status":"closed","template":"","meta":{"_seopress_robots_primary_cat":"none","_seopress_titles_title":"","_seopress_titles_desc":"","_seopress_robots_index":""},"product_brand":[],"product_cat":[464,201,240,907],"product_tag":[],"class_list":{"0":"post-145350","1":"product","2":"type-product","3":"status-publish","4":"has-post-thumbnail","6":"product_cat-accesorios","7":"product_cat-accessorios","8":"product_cat-generico","9":"product_cat-regalos-graduacion-es","11":"first","12":"instock","13":"taxable","14":"shipping-taxable","15":"purchasable","16":"product-type-variable","17":"thumb-has-effect","18":"prod-rating-off"},"_links":{"self":[{"href":"https:\/\/store.ie.edu\/es\/wp-json\/wp\/v2\/product\/145350","targetHints":{"allow":["GET"]}}],"collection":[{"href":"https:\/\/store.ie.edu\/es\/wp-json\/wp\/v2\/product"}],"about":[{"href":"https:\/\/store.ie.edu\/es\/wp-json\/wp\/v2\/types\/product"}],"replies":[{"embeddable":true,"href":"https:\/\/store.ie.edu\/es\/wp-json\/wp\/v2\/comments?post=145350"}],"wp:featuredmedia":[{"embeddable":true,"href":"https:\/\/store.ie.edu\/es\/wp-json\/wp\/v2\/media\/145339"}],"wp:attachment":[{"href":"https:\/\/store.ie.edu\/es\/wp-json\/wp\/v2\/media?parent=145350"}],"wp:term":[{"taxonomy":"product_brand","embeddable":true,"href":"https:\/\/store.ie.edu\/es\/wp-json\/wp\/v2\/product_brand?post=145350"},{"taxonomy":"product_cat","embeddable":true,"href":"https:\/\/store.ie.edu\/es\/wp-json\/wp\/v2\/product_cat?post=145350"},{"taxonomy":"product_tag","embeddable":true,"href":"https:\/\/store.ie.edu\/es\/wp-json\/wp\/v2\/product_tag?post=145350"}],"curies":[{"name":"wp","href":"https:\/\/api.w.org\/{rel}","templated":true}]}}