{"id":145126,"date":"2025-02-21T18:04:08","date_gmt":"2025-02-21T17:04:08","guid":{"rendered":"https:\/\/store.ie.edu\/product\/sin%20categor\u00eda\/fisherman-beanie-ieu\/"},"modified":"2025-02-21T18:06:23","modified_gmt":"2025-02-21T17:06:23","slug":"fisherman-beanie-ieu","status":"publish","type":"product","link":"https:\/\/store.ie.edu\/es\/producto\/accessorios\/gorras\/fisherman-beanie-ieu\/","title":{"rendered":"Gorro de Punto IEU"},"content":{"rendered":"","protected":false},"excerpt":{"rendered":"<p>Confeccionado en punto de canal\u00e9 Fisherman 1&#215;1, compuesto por un 95% de algod\u00f3n org\u00e1nico peinado y un 5% de elastano. Incorpora una etiqueta bordada con el logotipo de IE University para darle un toque \u00fanico. Para un mejor cuidado, lavar con colores similares, evitar planchar sobre la etiqueta y lavar y planchar del rev\u00e9s.<\/p>\n","protected":false},"featured_media":145123,"comment_status":"open","ping_status":"closed","template":"","meta":{"_seopress_robots_primary_cat":"none","_seopress_titles_title":"","_seopress_titles_desc":"","_seopress_robots_index":""},"product_brand":[],"product_cat":[201,207],"product_tag":[],"class_list":{"0":"post-145126","1":"product","2":"type-product","3":"status-publish","4":"has-post-thumbnail","6":"product_cat-accessorios","7":"product_cat-gorras","9":"first","10":"instock","11":"taxable","12":"shipping-taxable","13":"purchasable","14":"product-type-variable","15":"thumb-has-effect","16":"prod-rating-off"},"_links":{"self":[{"href":"https:\/\/store.ie.edu\/es\/wp-json\/wp\/v2\/product\/145126","targetHints":{"allow":["GET"]}}],"collection":[{"href":"https:\/\/store.ie.edu\/es\/wp-json\/wp\/v2\/product"}],"about":[{"href":"https:\/\/store.ie.edu\/es\/wp-json\/wp\/v2\/types\/product"}],"replies":[{"embeddable":true,"href":"https:\/\/store.ie.edu\/es\/wp-json\/wp\/v2\/comments?post=145126"}],"wp:featuredmedia":[{"embeddable":true,"href":"https:\/\/store.ie.edu\/es\/wp-json\/wp\/v2\/media\/145123"}],"wp:attachment":[{"href":"https:\/\/store.ie.edu\/es\/wp-json\/wp\/v2\/media?parent=145126"}],"wp:term":[{"taxonomy":"product_brand","embeddable":true,"href":"https:\/\/store.ie.edu\/es\/wp-json\/wp\/v2\/product_brand?post=145126"},{"taxonomy":"product_cat","embeddable":true,"href":"https:\/\/store.ie.edu\/es\/wp-json\/wp\/v2\/product_cat?post=145126"},{"taxonomy":"product_tag","embeddable":true,"href":"https:\/\/store.ie.edu\/es\/wp-json\/wp\/v2\/product_tag?post=145126"}],"curies":[{"name":"wp","href":"https:\/\/api.w.org\/{rel}","templated":true}]}}