{"id":144983,"date":"2025-02-07T17:20:57","date_gmt":"2025-02-07T16:20:57","guid":{"rendered":"https:\/\/store.ie.edu\/product\/sin%20categor\u00eda\/hoodie-oversize-be-the-change-ieu\/"},"modified":"2026-02-25T23:27:44","modified_gmt":"2026-02-25T22:27:44","slug":"hoodie-oversize-be-the-change-ieu","status":"publish","type":"product","link":"https:\/\/store.ie.edu\/es\/producto\/hombre\/sudaderas-hombre\/hoodie-oversize-be-the-change-ieu\/","title":{"rendered":"<b>Sudadera con Capucha Oversize Be The Change IEU<\/b>"},"content":{"rendered":"","protected":false},"excerpt":{"rendered":"<p data-start=\"167\" data-end=\"226\"><strong data-start=\"167\" data-end=\"226\">Una sudadera dise\u00f1ada para inspirar y liderar el cambio.<\/strong><\/p>\n<p class=\"\" data-start=\"228\" data-end=\"364\">Con un <strong data-start=\"235\" data-end=\"260\">corte unisex relajado<\/strong> y un interior afelpado y c\u00e1lido, esta prenda refleja el esp\u00edritu audaz e innovador de <strong data-start=\"347\" data-end=\"364\">IE University.<\/strong><\/p>\n<p class=\"\" data-start=\"366\" data-end=\"578\">Presenta <strong data-start=\"375\" data-end=\"431\">gr\u00e1ficos exclusivos de IE en el frontal y la espalda<\/strong>, junto al mensaje inspirador: <em data-start=\"462\" data-end=\"496\">\u201cBe the change you want to make\u201d<\/em><br data-start=\"496\" data-end=\"499\" \/>Perfecta para el d\u00eda a d\u00eda en el campus y para lucir con orgullo m\u00e1s all\u00e1 de \u00e9l.<\/p>\n<ul>\n<li data-start=\"580\" data-end=\"670\">Capucha forrada con cord\u00f3n ajustable<\/li>\n<li data-start=\"580\" data-end=\"670\">Bolsillo tipo canguro<\/li>\n<li data-start=\"580\" data-end=\"670\">Pu\u00f1os y bajo acanalados 2\u00d72<\/li>\n<\/ul>\n<p class=\"\" data-start=\"672\" data-end=\"740\"><strong data-start=\"672\" data-end=\"740\">Exclusiva de IE Store. Hazla tuya y lleva contigo el esp\u00edritu IE.<\/strong><\/p>\n","protected":false},"featured_media":144995,"comment_status":"open","ping_status":"closed","template":"","meta":{"_seopress_robots_primary_cat":"none","_seopress_titles_title":"","_seopress_titles_desc":"","_seopress_robots_index":""},"product_brand":[],"product_cat":[910,203,202,252,279],"product_tag":[],"class_list":{"0":"post-144983","1":"product","2":"type-product","3":"status-publish","4":"has-post-thumbnail","6":"product_cat-bestsellers-es","7":"product_cat-hombre","8":"product_cat-mujer","9":"product_cat-sudaderas-hombre","10":"product_cat-sudaderas-mujer","12":"first","13":"instock","14":"taxable","15":"shipping-taxable","16":"purchasable","17":"product-type-variable","18":"thumb-has-effect","19":"prod-rating-off"},"_links":{"self":[{"href":"https:\/\/store.ie.edu\/es\/wp-json\/wp\/v2\/product\/144983","targetHints":{"allow":["GET"]}}],"collection":[{"href":"https:\/\/store.ie.edu\/es\/wp-json\/wp\/v2\/product"}],"about":[{"href":"https:\/\/store.ie.edu\/es\/wp-json\/wp\/v2\/types\/product"}],"replies":[{"embeddable":true,"href":"https:\/\/store.ie.edu\/es\/wp-json\/wp\/v2\/comments?post=144983"}],"wp:featuredmedia":[{"embeddable":true,"href":"https:\/\/store.ie.edu\/es\/wp-json\/wp\/v2\/media\/144995"}],"wp:attachment":[{"href":"https:\/\/store.ie.edu\/es\/wp-json\/wp\/v2\/media?parent=144983"}],"wp:term":[{"taxonomy":"product_brand","embeddable":true,"href":"https:\/\/store.ie.edu\/es\/wp-json\/wp\/v2\/product_brand?post=144983"},{"taxonomy":"product_cat","embeddable":true,"href":"https:\/\/store.ie.edu\/es\/wp-json\/wp\/v2\/product_cat?post=144983"},{"taxonomy":"product_tag","embeddable":true,"href":"https:\/\/store.ie.edu\/es\/wp-json\/wp\/v2\/product_tag?post=144983"}],"curies":[{"name":"wp","href":"https:\/\/api.w.org\/{rel}","templated":true}]}}