{"id":144287,"date":"2020-06-10T12:35:32","date_gmt":"2020-06-10T10:35:32","guid":{"rendered":"https:\/\/store.ie.edu\/product\/sin%20categor\u00eda\/gift-card\/"},"modified":"2024-11-13T10:59:35","modified_gmt":"2024-11-13T09:59:35","slug":"gift-card","status":"publish","type":"product","link":"https:\/\/store.ie.edu\/es\/producto\/descuento\/gift-card\/","title":{"rendered":"Tarjeta Regalo"},"content":{"rendered":"","protected":false},"excerpt":{"rendered":"<p>\u00a1Regala la experiencia IE con nuestras tarjetas regalo!<\/p>\n<p>En caso de que necesites un importe que no aparezca en la selecci\u00f3n, puedes ponerte en contacto con nosotros a trav\u00e9s de nuestro correo electr\u00f3nico <a href=\"mailto:contact.store@ie.edu\"><strong>contact.store@ie.edu<\/strong><\/a><\/p>\n<p>&nbsp;<\/p>\n","protected":false},"featured_media":64636,"comment_status":"open","ping_status":"closed","template":"","meta":{"_seopress_robots_primary_cat":"none","_seopress_titles_title":"","_seopress_titles_desc":"","_seopress_robots_index":""},"product_brand":[],"product_cat":[396],"product_tag":[747],"class_list":{"0":"post-144287","1":"product","2":"type-product","3":"status-publish","4":"has-post-thumbnail","6":"product_cat-descuento","7":"product_tag-ie-es","9":"first","10":"instock","11":"sold-individually","12":"purchasable","13":"product-type-pw-gift-card","14":"thumb-no-effect","15":"prod-rating-off"},"_links":{"self":[{"href":"https:\/\/store.ie.edu\/es\/wp-json\/wp\/v2\/product\/144287","targetHints":{"allow":["GET"]}}],"collection":[{"href":"https:\/\/store.ie.edu\/es\/wp-json\/wp\/v2\/product"}],"about":[{"href":"https:\/\/store.ie.edu\/es\/wp-json\/wp\/v2\/types\/product"}],"replies":[{"embeddable":true,"href":"https:\/\/store.ie.edu\/es\/wp-json\/wp\/v2\/comments?post=144287"}],"wp:featuredmedia":[{"embeddable":true,"href":"https:\/\/store.ie.edu\/es\/wp-json\/wp\/v2\/media\/64636"}],"wp:attachment":[{"href":"https:\/\/store.ie.edu\/es\/wp-json\/wp\/v2\/media?parent=144287"}],"wp:term":[{"taxonomy":"product_brand","embeddable":true,"href":"https:\/\/store.ie.edu\/es\/wp-json\/wp\/v2\/product_brand?post=144287"},{"taxonomy":"product_cat","embeddable":true,"href":"https:\/\/store.ie.edu\/es\/wp-json\/wp\/v2\/product_cat?post=144287"},{"taxonomy":"product_tag","embeddable":true,"href":"https:\/\/store.ie.edu\/es\/wp-json\/wp\/v2\/product_tag?post=144287"}],"curies":[{"name":"wp","href":"https:\/\/api.w.org\/{rel}","templated":true}]}}