{"id":144214,"date":"2024-11-06T14:17:29","date_gmt":"2024-11-06T13:17:29","guid":{"rendered":"https:\/\/store.ie.edu\/?post_type=product&#038;p=144214"},"modified":"2025-02-04T10:33:15","modified_gmt":"2025-02-04T09:33:15","slug":"pensadoras-y-visionarias-las-ideas-de-diez-filosofas-aplicadas-a-la-gestion-2","status":"publish","type":"product","link":"https:\/\/store.ie.edu\/es\/producto\/ie-editorial-es\/pensadoras-y-visionarias-las-ideas-de-diez-filosofas-aplicadas-a-la-gestion-2\/","title":{"rendered":"Pensadoras y visionarias: Las ideas de diez fil\u00f3sofas aplicadas a la gesti\u00f3n"},"content":{"rendered":"","protected":false},"excerpt":{"rendered":"<p>Author: Santiago \u00cd\u00f1iguez de Onzo\u00f1o<\/p>\n","protected":false},"featured_media":144939,"comment_status":"open","ping_status":"closed","template":"","meta":{"_seopress_robots_primary_cat":"none","_seopress_titles_title":"","_seopress_titles_desc":"","_seopress_robots_index":""},"product_brand":[],"product_cat":[284],"product_tag":[],"class_list":{"0":"post-144214","1":"product","2":"type-product","3":"status-publish","4":"has-post-thumbnail","6":"product_cat-ie-editorial-es","8":"first","9":"instock","10":"taxable","11":"shipping-taxable","12":"product-type-external","13":"thumb-no-effect","14":"prod-rating-off"},"_links":{"self":[{"href":"https:\/\/store.ie.edu\/es\/wp-json\/wp\/v2\/product\/144214","targetHints":{"allow":["GET"]}}],"collection":[{"href":"https:\/\/store.ie.edu\/es\/wp-json\/wp\/v2\/product"}],"about":[{"href":"https:\/\/store.ie.edu\/es\/wp-json\/wp\/v2\/types\/product"}],"replies":[{"embeddable":true,"href":"https:\/\/store.ie.edu\/es\/wp-json\/wp\/v2\/comments?post=144214"}],"wp:featuredmedia":[{"embeddable":true,"href":"https:\/\/store.ie.edu\/es\/wp-json\/wp\/v2\/media\/144939"}],"wp:attachment":[{"href":"https:\/\/store.ie.edu\/es\/wp-json\/wp\/v2\/media?parent=144214"}],"wp:term":[{"taxonomy":"product_brand","embeddable":true,"href":"https:\/\/store.ie.edu\/es\/wp-json\/wp\/v2\/product_brand?post=144214"},{"taxonomy":"product_cat","embeddable":true,"href":"https:\/\/store.ie.edu\/es\/wp-json\/wp\/v2\/product_cat?post=144214"},{"taxonomy":"product_tag","embeddable":true,"href":"https:\/\/store.ie.edu\/es\/wp-json\/wp\/v2\/product_tag?post=144214"}],"curies":[{"name":"wp","href":"https:\/\/api.w.org\/{rel}","templated":true}]}}