{"id":144148,"date":"2024-10-27T14:07:38","date_gmt":"2024-10-27T13:07:38","guid":{"rendered":"https:\/\/store.ie.edu\/product\/sin%20categor\u00eda\/lululemon-licence-to-train-pants-ieu\/"},"modified":"2025-11-14T13:22:49","modified_gmt":"2025-11-14T12:22:49","slug":"lululemon-licence-to-train-pants-ieu","status":"publish","type":"product","link":"https:\/\/store.ie.edu\/es\/producto\/colaboraciones\/lululemon-es\/lululemon-licence-to-train-pants-ieu\/","title":{"rendered":"<b>Pantal\u00f3n Deportivo IEU Licence to Train Lululemon<\/b>"},"content":{"rendered":"<p><strong data-start=\"129\" data-end=\"143\">MATERIALES<\/strong><\/p>\n<ul>\n<li data-start=\"146\" data-end=\"181\">85% nailon reciclado<\/li>\n<li data-start=\"146\" data-end=\"181\">15% elastano<\/li>\n<\/ul>\n<p><strong data-start=\"187\" data-end=\"199\">CUIDADOS<\/strong><\/p>\n<ul>\n<li>Lavar a m\u00e1quina con agua fr\u00eda<\/li>\n<li>No usar lej\u00eda<\/li>\n<li>No planchar ni lavar en seco<\/li>\n<li>Lavar con colores similares<\/li>\n<\/ul>\n","protected":false},"excerpt":{"rendered":"<p data-start=\"2109\" data-end=\"2191\">Pantalones Lululemon con dise\u00f1o t\u00e9cnico, ajuste ergon\u00f3mico y esp\u00edritu IE University, dise\u00f1ados para ofrecer rendimiento, comodidad y total libertad de movimiento.<br data-start=\"165\" data-end=\"168\" \/>Ligeros, transpirables y resistentes, te acompa\u00f1an en cada entrenamiento o d\u00eda en el campus.<br data-start=\"260\" data-end=\"263\" \/><strong>Edici\u00f3n limitada<\/strong> con esencia IE, disponible exclusivamente en IE Store.<\/p>\n","protected":false},"featured_media":144065,"comment_status":"open","ping_status":"closed","template":"","meta":{"_seopress_robots_primary_cat":"none","_seopress_titles_title":"","_seopress_titles_desc":"","_seopress_robots_index":""},"product_brand":[],"product_cat":[871,952],"product_tag":[],"class_list":{"0":"post-144148","1":"product","2":"type-product","3":"status-publish","4":"has-post-thumbnail","6":"product_cat-lululemon-es","7":"product_cat-ultimas-unidades","9":"first","10":"instock","11":"sale","12":"taxable","13":"shipping-taxable","14":"purchasable","15":"product-type-variable","16":"thumb-has-effect","17":"prod-rating-off"},"_links":{"self":[{"href":"https:\/\/store.ie.edu\/es\/wp-json\/wp\/v2\/product\/144148","targetHints":{"allow":["GET"]}}],"collection":[{"href":"https:\/\/store.ie.edu\/es\/wp-json\/wp\/v2\/product"}],"about":[{"href":"https:\/\/store.ie.edu\/es\/wp-json\/wp\/v2\/types\/product"}],"replies":[{"embeddable":true,"href":"https:\/\/store.ie.edu\/es\/wp-json\/wp\/v2\/comments?post=144148"}],"wp:featuredmedia":[{"embeddable":true,"href":"https:\/\/store.ie.edu\/es\/wp-json\/wp\/v2\/media\/144065"}],"wp:attachment":[{"href":"https:\/\/store.ie.edu\/es\/wp-json\/wp\/v2\/media?parent=144148"}],"wp:term":[{"taxonomy":"product_brand","embeddable":true,"href":"https:\/\/store.ie.edu\/es\/wp-json\/wp\/v2\/product_brand?post=144148"},{"taxonomy":"product_cat","embeddable":true,"href":"https:\/\/store.ie.edu\/es\/wp-json\/wp\/v2\/product_cat?post=144148"},{"taxonomy":"product_tag","embeddable":true,"href":"https:\/\/store.ie.edu\/es\/wp-json\/wp\/v2\/product_tag?post=144148"}],"curies":[{"name":"wp","href":"https:\/\/api.w.org\/{rel}","templated":true}]}}