{"id":144133,"date":"2024-10-27T13:53:44","date_gmt":"2024-10-27T12:53:44","guid":{"rendered":"https:\/\/store.ie.edu\/product\/sin%20categor\u00eda\/lululemon-energy-top-ieu\/"},"modified":"2024-10-27T13:55:13","modified_gmt":"2024-10-27T12:55:13","slug":"lululemon-energy-top-ieu","status":"publish","type":"product","link":"https:\/\/store.ie.edu\/es\/producto\/colaboraciones\/lululemon-es\/lululemon-energy-top-ieu\/","title":{"rendered":"Sujetador Deportivo IEU Energy Lululemon"},"content":{"rendered":"","protected":false},"excerpt":{"rendered":"<p>Concebido para actividades de impacto medio,  ofrece una gran sujeci\u00f3n y cobertura con un tacto suave. Tejido Full-On\u00ae Luxtreme el\u00e1stico en todas las direcciones y que absorbe el sudor. Forro 2: 89 % nailon y 11 % elastano. Forro 1: 56 % poli\u00e9ster, 33 % poli\u00e9ster Coolmax\u00ae y 11 % elastano Lycra\u00ae\u00aeCuerpo: 69 % nailon y 31 % elastano Lycra\u00ae\u00aeLavar a m\u00e1quina en fr\u00edo .No usar lej\u00eda .Secar en secadora a baja temperatura .No planchar .No lavar en seco <\/p>\n","protected":false},"featured_media":144127,"comment_status":"open","ping_status":"closed","template":"","meta":{"_seopress_robots_primary_cat":"none","_seopress_titles_title":"","_seopress_titles_desc":"","_seopress_robots_index":""},"product_brand":[],"product_cat":[864,871,862],"product_tag":[],"class_list":{"0":"post-144133","1":"product","2":"type-product","3":"status-publish","4":"has-post-thumbnail","6":"product_cat-colaboraciones","7":"product_cat-lululemon-es","8":"product_cat-ropa-deportiva","10":"first","11":"outofstock","12":"taxable","13":"shipping-taxable","14":"purchasable","15":"product-type-variable","16":"thumb-has-effect","17":"prod-rating-off"},"_links":{"self":[{"href":"https:\/\/store.ie.edu\/es\/wp-json\/wp\/v2\/product\/144133","targetHints":{"allow":["GET"]}}],"collection":[{"href":"https:\/\/store.ie.edu\/es\/wp-json\/wp\/v2\/product"}],"about":[{"href":"https:\/\/store.ie.edu\/es\/wp-json\/wp\/v2\/types\/product"}],"replies":[{"embeddable":true,"href":"https:\/\/store.ie.edu\/es\/wp-json\/wp\/v2\/comments?post=144133"}],"wp:featuredmedia":[{"embeddable":true,"href":"https:\/\/store.ie.edu\/es\/wp-json\/wp\/v2\/media\/144127"}],"wp:attachment":[{"href":"https:\/\/store.ie.edu\/es\/wp-json\/wp\/v2\/media?parent=144133"}],"wp:term":[{"taxonomy":"product_brand","embeddable":true,"href":"https:\/\/store.ie.edu\/es\/wp-json\/wp\/v2\/product_brand?post=144133"},{"taxonomy":"product_cat","embeddable":true,"href":"https:\/\/store.ie.edu\/es\/wp-json\/wp\/v2\/product_cat?post=144133"},{"taxonomy":"product_tag","embeddable":true,"href":"https:\/\/store.ie.edu\/es\/wp-json\/wp\/v2\/product_tag?post=144133"}],"curies":[{"name":"wp","href":"https:\/\/api.w.org\/{rel}","templated":true}]}}