{"id":144076,"date":"2024-10-27T10:40:17","date_gmt":"2024-10-27T09:40:17","guid":{"rendered":"https:\/\/store.ie.edu\/product\/sin%20categor\u00eda\/lululemon-v-neck-top-ieu\/"},"modified":"2026-03-06T18:43:35","modified_gmt":"2026-03-06T17:43:35","slug":"lululemon-v-neck-top-ieu","status":"publish","type":"product","link":"https:\/\/store.ie.edu\/es\/producto\/colaboraciones\/lululemon-es\/lululemon-v-neck-top-ieu\/","title":{"rendered":"<b>Sujetador Deportivo IEU V-Neck Lululemon<\/b>"},"content":{"rendered":"","protected":false},"excerpt":{"rendered":"<p class=\"\" data-start=\"1816\" data-end=\"2098\"><strong>Confianza en cada movimiento.<\/strong><\/p>\n<p class=\"\" data-start=\"1816\" data-end=\"2098\">Siente la diferencia con el <strong data-start=\"1844\" data-end=\"1875\">top deportivo IE University<\/strong>, creado para mujeres que buscan <strong data-start=\"1908\" data-end=\"1952\">libertad, suavidad y estilo sin esfuerzo<\/strong> en cada movimiento. Perfecto para entrenamientos de bajo impacto o para el d\u00eda a d\u00eda, combina innovaci\u00f3n, elegancia y confort en una sola prenda.<\/p>\n<ul>\n<li data-start=\"2100\" data-end=\"2344\">Tejido <strong data-start=\"2109\" data-end=\"2145\">Nulu\u2122 ultraligero y transpirable<\/strong>, con sensaci\u00f3n de segunda piel<\/li>\n<li data-start=\"2100\" data-end=\"2344\"><strong data-start=\"2181\" data-end=\"2196\">Escote en V<\/strong> que estiliza y realza la silueta<\/li>\n<li data-start=\"2100\" data-end=\"2344\"><strong>Copas extra\u00edbles<\/strong> para un ajuste personalizado<\/li>\n<li data-start=\"2100\" data-end=\"2344\">El\u00e1stico, c\u00f3modo y pensado para acompa\u00f1arte con libertad<\/li>\n<\/ul>\n<p class=\"\" data-start=\"2346\" data-end=\"2397\">Comodidad que inspira confianza, est\u00e9s donde est\u00e9s.<\/p>\n<p class=\"\" data-start=\"2399\" data-end=\"2536\">Disponible exclusivamente en<strong data-start=\"2402\" data-end=\"2462\"> IE Store. <\/strong><\/p>\n<p class=\"\" data-start=\"2399\" data-end=\"2536\"><strong data-start=\"2402\" data-end=\"2462\">Edici\u00f3n limitada. Dise\u00f1ado para ti. Vive el confort del top deportivo IE University.<\/strong><\/p>\n","protected":false},"featured_media":146998,"comment_status":"open","ping_status":"closed","template":"","meta":{"_seopress_robots_primary_cat":"none","_seopress_titles_title":"","_seopress_titles_desc":"","_seopress_robots_index":""},"product_brand":[],"product_cat":[864,871,862],"product_tag":[],"class_list":{"0":"post-144076","1":"product","2":"type-product","3":"status-publish","4":"has-post-thumbnail","6":"product_cat-colaboraciones","7":"product_cat-lululemon-es","8":"product_cat-ropa-deportiva","10":"first","11":"instock","12":"taxable","13":"shipping-taxable","14":"purchasable","15":"product-type-variable","16":"thumb-has-effect","17":"prod-rating-off"},"_links":{"self":[{"href":"https:\/\/store.ie.edu\/es\/wp-json\/wp\/v2\/product\/144076","targetHints":{"allow":["GET"]}}],"collection":[{"href":"https:\/\/store.ie.edu\/es\/wp-json\/wp\/v2\/product"}],"about":[{"href":"https:\/\/store.ie.edu\/es\/wp-json\/wp\/v2\/types\/product"}],"replies":[{"embeddable":true,"href":"https:\/\/store.ie.edu\/es\/wp-json\/wp\/v2\/comments?post=144076"}],"wp:featuredmedia":[{"embeddable":true,"href":"https:\/\/store.ie.edu\/es\/wp-json\/wp\/v2\/media\/146998"}],"wp:attachment":[{"href":"https:\/\/store.ie.edu\/es\/wp-json\/wp\/v2\/media?parent=144076"}],"wp:term":[{"taxonomy":"product_brand","embeddable":true,"href":"https:\/\/store.ie.edu\/es\/wp-json\/wp\/v2\/product_brand?post=144076"},{"taxonomy":"product_cat","embeddable":true,"href":"https:\/\/store.ie.edu\/es\/wp-json\/wp\/v2\/product_cat?post=144076"},{"taxonomy":"product_tag","embeddable":true,"href":"https:\/\/store.ie.edu\/es\/wp-json\/wp\/v2\/product_tag?post=144076"}],"curies":[{"name":"wp","href":"https:\/\/api.w.org\/{rel}","templated":true}]}}