{"id":143929,"date":"2024-10-17T16:37:26","date_gmt":"2024-10-17T14:37:26","guid":{"rendered":"https:\/\/store.ie.edu\/product\/sin%20categor\u00eda\/est-1973-ieu-t-shirt\/"},"modified":"2024-10-17T16:39:03","modified_gmt":"2024-10-17T14:39:03","slug":"est-1973-ieu-t-shirt","status":"publish","type":"product","link":"https:\/\/store.ie.edu\/es\/producto\/hombre\/camisetas-hombre\/est-1973-ieu-t-shirt\/","title":{"rendered":"Camiseta  IEU EST. 1973"},"content":{"rendered":"","protected":false},"excerpt":{"rendered":"<p>Camiseta de manga pegada con cuello de canal\u00e9 1&#215;1 y bies interior del mismo tejido. Detalles de puntada doble en pu\u00f1os y bajo para mayor durabilidad. Estampado en el pecho con el a\u00f1o de fundaci\u00f3n &#8220;1973&#8221;. Fabricada en 100% algod\u00f3n org\u00e1nico hilado y peinado, con tejido lavado para mayor suavidad.<\/p>\n","protected":false},"featured_media":143910,"comment_status":"open","ping_status":"closed","template":"","meta":{"_seopress_robots_primary_cat":"none","_seopress_titles_title":"","_seopress_titles_desc":"","_seopress_robots_index":""},"product_brand":[],"product_cat":[205,206,952],"product_tag":[],"class_list":{"0":"post-143929","1":"product","2":"type-product","3":"status-publish","4":"has-post-thumbnail","6":"product_cat-camisetas-mujer","7":"product_cat-camisetas-hombre","8":"product_cat-ultimas-unidades","10":"first","11":"instock","12":"sale","13":"taxable","14":"shipping-taxable","15":"purchasable","16":"product-type-variable","17":"thumb-has-effect","18":"prod-rating-off"},"_links":{"self":[{"href":"https:\/\/store.ie.edu\/es\/wp-json\/wp\/v2\/product\/143929","targetHints":{"allow":["GET"]}}],"collection":[{"href":"https:\/\/store.ie.edu\/es\/wp-json\/wp\/v2\/product"}],"about":[{"href":"https:\/\/store.ie.edu\/es\/wp-json\/wp\/v2\/types\/product"}],"replies":[{"embeddable":true,"href":"https:\/\/store.ie.edu\/es\/wp-json\/wp\/v2\/comments?post=143929"}],"wp:featuredmedia":[{"embeddable":true,"href":"https:\/\/store.ie.edu\/es\/wp-json\/wp\/v2\/media\/143910"}],"wp:attachment":[{"href":"https:\/\/store.ie.edu\/es\/wp-json\/wp\/v2\/media?parent=143929"}],"wp:term":[{"taxonomy":"product_brand","embeddable":true,"href":"https:\/\/store.ie.edu\/es\/wp-json\/wp\/v2\/product_brand?post=143929"},{"taxonomy":"product_cat","embeddable":true,"href":"https:\/\/store.ie.edu\/es\/wp-json\/wp\/v2\/product_cat?post=143929"},{"taxonomy":"product_tag","embeddable":true,"href":"https:\/\/store.ie.edu\/es\/wp-json\/wp\/v2\/product_tag?post=143929"}],"curies":[{"name":"wp","href":"https:\/\/api.w.org\/{rel}","templated":true}]}}