{"id":143761,"date":"2024-10-15T18:00:29","date_gmt":"2024-10-15T16:00:29","guid":{"rendered":"https:\/\/store.ie.edu\/product\/sin%20categor\u00eda\/coin-wallet-leather-ieu\/"},"modified":"2024-10-15T18:14:39","modified_gmt":"2024-10-15T16:14:39","slug":"coin-wallet-leather-ieu","status":"publish","type":"product","link":"https:\/\/store.ie.edu\/es\/producto\/accessorios\/bolsas-fundas\/coin-wallet-leather-ieu\/","title":{"rendered":"Monedero de Piel IEU"},"content":{"rendered":"","protected":false},"excerpt":{"rendered":"<p>Monedero peque\u00f1o hecho de cuero suave de alta calidad, con textura rugosa, suave y c\u00f3modo. Es resistente y duradero, con costuras reforzadas en los bordes, lo que lo hace resistente al desgaste y a los ara\u00f1azos. Su dise\u00f1o de cremallera  facilita su suave apertura y cierre. Medidas: 8,5 x 12 cm.<\/p>\n","protected":false},"featured_media":143737,"comment_status":"open","ping_status":"closed","template":"","meta":{"_seopress_robots_primary_cat":"none","_seopress_titles_title":"","_seopress_titles_desc":"","_seopress_robots_index":""},"product_brand":[],"product_cat":[201,213],"product_tag":[],"class_list":{"0":"post-143761","1":"product","2":"type-product","3":"status-publish","4":"has-post-thumbnail","6":"product_cat-accessorios","7":"product_cat-bolsas-fundas","9":"first","10":"instock","11":"taxable","12":"shipping-taxable","13":"purchasable","14":"product-type-simple","15":"thumb-has-effect","16":"prod-rating-off"},"_links":{"self":[{"href":"https:\/\/store.ie.edu\/es\/wp-json\/wp\/v2\/product\/143761","targetHints":{"allow":["GET"]}}],"collection":[{"href":"https:\/\/store.ie.edu\/es\/wp-json\/wp\/v2\/product"}],"about":[{"href":"https:\/\/store.ie.edu\/es\/wp-json\/wp\/v2\/types\/product"}],"replies":[{"embeddable":true,"href":"https:\/\/store.ie.edu\/es\/wp-json\/wp\/v2\/comments?post=143761"}],"wp:featuredmedia":[{"embeddable":true,"href":"https:\/\/store.ie.edu\/es\/wp-json\/wp\/v2\/media\/143737"}],"wp:attachment":[{"href":"https:\/\/store.ie.edu\/es\/wp-json\/wp\/v2\/media?parent=143761"}],"wp:term":[{"taxonomy":"product_brand","embeddable":true,"href":"https:\/\/store.ie.edu\/es\/wp-json\/wp\/v2\/product_brand?post=143761"},{"taxonomy":"product_cat","embeddable":true,"href":"https:\/\/store.ie.edu\/es\/wp-json\/wp\/v2\/product_cat?post=143761"},{"taxonomy":"product_tag","embeddable":true,"href":"https:\/\/store.ie.edu\/es\/wp-json\/wp\/v2\/product_tag?post=143761"}],"curies":[{"name":"wp","href":"https:\/\/api.w.org\/{rel}","templated":true}]}}