{"id":143742,"date":"2024-10-15T17:44:26","date_gmt":"2024-10-15T15:44:26","guid":{"rendered":"https:\/\/store.ie.edu\/product\/sin%20categor\u00eda\/coin-purse-ieu\/"},"modified":"2025-04-01T11:41:39","modified_gmt":"2025-04-01T09:41:39","slug":"coin-purse-ieu","status":"publish","type":"product","link":"https:\/\/store.ie.edu\/es\/producto\/colaboraciones\/lefrik-es\/coin-purse-ieu\/","title":{"rendered":"<b>Monedero IEU  1973<\/b>"},"content":{"rendered":"<p class=\"\" data-start=\"135\" data-end=\"286\"><strong data-start=\"135\" data-end=\"149\">MATERIALES<\/strong><br data-start=\"149\" data-end=\"152\" \/>Tejido Oxford impermeable<br data-start=\"181\" data-end=\"184\" \/>Fabricado con 4 botellas PET recicladas<br data-start=\"227\" data-end=\"230\" \/>Materiales resistentes, ligeros y ecol\u00f3gicos<\/p>\n<p class=\"\" data-start=\"288\" data-end=\"446\"><strong data-start=\"288\" data-end=\"300\">CUIDADOS<\/strong><br data-start=\"300\" data-end=\"303\" \/>Lavable a m\u00e1quina con agua fr\u00eda<br data-start=\"338\" data-end=\"341\" \/>No usar lej\u00eda<br data-start=\"358\" data-end=\"361\" \/>No secar en secadora<br data-start=\"385\" data-end=\"388\" \/>No planchar<br data-start=\"403\" data-end=\"406\" \/>Secar al aire para mayor durabilidad<\/p>\n","protected":false},"excerpt":{"rendered":"<p class=\"\" data-start=\"109\" data-end=\"173\"><strong data-start=\"133\" data-end=\"173\">Peque\u00f1o en tama\u00f1o, grande en impacto<\/strong><\/p>\n<p class=\"\" data-start=\"175\" data-end=\"432\">Con un dise\u00f1o <strong data-start=\"189\" data-end=\"238\">ultracompacto que cabe en la palma de tu mano<\/strong>, est\u00e1 hecho con <strong data-start=\"255\" data-end=\"284\">tejido Oxford impermeable<\/strong> y <strong data-start=\"287\" data-end=\"316\">4 botellas PET recicladas<\/strong><br data-start=\"316\" data-end=\"319\" \/>Cuenta con <strong data-start=\"330\" data-end=\"351\">cremallera segura<\/strong> y es <strong data-start=\"357\" data-end=\"392\">lavable a m\u00e1quina con agua fr\u00eda<\/strong>, ideal para acompa\u00f1arte en el d\u00eda a d\u00eda<\/p>\n<p class=\"\" data-start=\"434\" data-end=\"526\"><strong data-start=\"434\" data-end=\"474\">Funcional, sostenible y con sello IE<\/strong><br data-start=\"474\" data-end=\"477\" \/><strong data-start=\"477\" data-end=\"526\" data-is-last-node=\"\">Cons\u00edguelo en IE Store y simplifica tu rutina<\/strong><\/p>\n","protected":false},"featured_media":143746,"comment_status":"open","ping_status":"closed","template":"","meta":{"_seopress_robots_primary_cat":"none","_seopress_titles_title":"","_seopress_titles_desc":"","_seopress_robots_index":""},"product_brand":[],"product_cat":[201,213,864,881],"product_tag":[],"class_list":{"0":"post-143742","1":"product","2":"type-product","3":"status-publish","4":"has-post-thumbnail","6":"product_cat-accessorios","7":"product_cat-bolsas-fundas","8":"product_cat-colaboraciones","9":"product_cat-lefrik-es","11":"first","12":"instock","13":"taxable","14":"shipping-taxable","15":"purchasable","16":"product-type-simple","17":"thumb-has-effect","18":"prod-rating-off"},"_links":{"self":[{"href":"https:\/\/store.ie.edu\/es\/wp-json\/wp\/v2\/product\/143742","targetHints":{"allow":["GET"]}}],"collection":[{"href":"https:\/\/store.ie.edu\/es\/wp-json\/wp\/v2\/product"}],"about":[{"href":"https:\/\/store.ie.edu\/es\/wp-json\/wp\/v2\/types\/product"}],"replies":[{"embeddable":true,"href":"https:\/\/store.ie.edu\/es\/wp-json\/wp\/v2\/comments?post=143742"}],"wp:featuredmedia":[{"embeddable":true,"href":"https:\/\/store.ie.edu\/es\/wp-json\/wp\/v2\/media\/143746"}],"wp:attachment":[{"href":"https:\/\/store.ie.edu\/es\/wp-json\/wp\/v2\/media?parent=143742"}],"wp:term":[{"taxonomy":"product_brand","embeddable":true,"href":"https:\/\/store.ie.edu\/es\/wp-json\/wp\/v2\/product_brand?post=143742"},{"taxonomy":"product_cat","embeddable":true,"href":"https:\/\/store.ie.edu\/es\/wp-json\/wp\/v2\/product_cat?post=143742"},{"taxonomy":"product_tag","embeddable":true,"href":"https:\/\/store.ie.edu\/es\/wp-json\/wp\/v2\/product_tag?post=143742"}],"curies":[{"name":"wp","href":"https:\/\/api.w.org\/{rel}","templated":true}]}}