{"id":143730,"date":"2024-10-15T16:45:51","date_gmt":"2024-10-15T14:45:51","guid":{"rendered":"https:\/\/store.ie.edu\/product\/sin%20categor\u00eda\/lunchbag-ieu-bento\/"},"modified":"2026-05-04T17:53:34","modified_gmt":"2026-05-04T15:53:34","slug":"lunchbag-ieu-bento","status":"publish","type":"product","link":"https:\/\/store.ie.edu\/es\/producto\/colaboraciones\/lefrik-es\/lunchbag-ieu-bento\/","title":{"rendered":"Bolsa Termica para Alimentos IE University Bento"},"content":{"rendered":"<p data-start=\"1747\" data-end=\"1856\">La bolsa t\u00e9rmica IE University Bento combina practicidad y sencillez en un dise\u00f1o compacto para el d\u00eda a d\u00eda.<\/p>\n<p data-start=\"1858\" data-end=\"2117\">Fabricada en tejido t\u00e9rmico reciclado, ayuda a mantener la temperatura de los alimentos mientras conserva una estructura ligera y f\u00e1cil de transportar. Su capacidad de 10,5L ofrece espacio suficiente para el uso diario en entornos como el campus o el trabajo.<\/p>\n<p data-start=\"2119\" data-end=\"2216\">Su formato tipo bandolera facilita el transporte en movimiento, adapt\u00e1ndose a diferentes rutinas.<\/p>\n<p data-start=\"2218\" data-end=\"2244\"><strong data-start=\"2218\" data-end=\"2244\">Caracter\u00edsticas clave:<\/strong><\/p>\n<ul data-start=\"2245\" data-end=\"2455\">\n<li data-section-id=\"pm5bji\" data-start=\"2245\" data-end=\"2285\">Capacidad de 10,5L (25 \u00d7 26 \u00d7 16 cm)<\/li>\n<li data-section-id=\"1ad58dq\" data-start=\"2286\" data-end=\"2314\">Tejido t\u00e9rmico reciclado<\/li>\n<li data-section-id=\"25lemf\" data-start=\"2315\" data-end=\"2346\">Conservaci\u00f3n de temperatura<\/li>\n<li data-section-id=\"ff952y\" data-start=\"2347\" data-end=\"2368\">Ligera y pr\u00e1ctica<\/li>\n<li data-section-id=\"1yrwi6w\" data-start=\"2369\" data-end=\"2390\">Formato bandolera<\/li>\n<li data-section-id=\"1qrnv3e\" data-start=\"2391\" data-end=\"2411\">F\u00e1cil de limpiar<\/li>\n<li data-section-id=\"1bxtk4z\" data-start=\"2412\" data-end=\"2455\">Ideal para campus, trabajo y uso diario<\/li>\n<\/ul>\n","protected":false},"excerpt":{"rendered":"<p data-start=\"1518\" data-end=\"1644\">Bolsa t\u00e9rmica IE University fabricada con materiales reciclados, dise\u00f1ada para el uso diario con un estilo limpio y funcional.<\/p>\n<p data-start=\"1646\" data-end=\"1714\">Ligera, espaciosa e ideal para el campus, trabajo y rutinas diarias.<\/p>\n","protected":false},"featured_media":143729,"comment_status":"open","ping_status":"closed","template":"","meta":{"_seopress_robots_primary_cat":"none","_seopress_titles_title":"","_seopress_titles_desc":"","_seopress_robots_index":""},"product_brand":[],"product_cat":[201,213,908,881,906],"product_tag":[],"class_list":{"0":"post-143730","1":"product","2":"type-product","3":"status-publish","4":"has-post-thumbnail","6":"product_cat-accessorios","7":"product_cat-bolsas-fundas","8":"product_cat-esenciales-viaje","9":"product_cat-lefrik-es","10":"product_cat-vida-campus","12":"first","13":"instock","14":"taxable","15":"shipping-taxable","16":"purchasable","17":"product-type-simple","18":"thumb-has-effect","19":"prod-rating-off"},"_links":{"self":[{"href":"https:\/\/store.ie.edu\/es\/wp-json\/wp\/v2\/product\/143730","targetHints":{"allow":["GET"]}}],"collection":[{"href":"https:\/\/store.ie.edu\/es\/wp-json\/wp\/v2\/product"}],"about":[{"href":"https:\/\/store.ie.edu\/es\/wp-json\/wp\/v2\/types\/product"}],"replies":[{"embeddable":true,"href":"https:\/\/store.ie.edu\/es\/wp-json\/wp\/v2\/comments?post=143730"}],"wp:featuredmedia":[{"embeddable":true,"href":"https:\/\/store.ie.edu\/es\/wp-json\/wp\/v2\/media\/143729"}],"wp:attachment":[{"href":"https:\/\/store.ie.edu\/es\/wp-json\/wp\/v2\/media?parent=143730"}],"wp:term":[{"taxonomy":"product_brand","embeddable":true,"href":"https:\/\/store.ie.edu\/es\/wp-json\/wp\/v2\/product_brand?post=143730"},{"taxonomy":"product_cat","embeddable":true,"href":"https:\/\/store.ie.edu\/es\/wp-json\/wp\/v2\/product_cat?post=143730"},{"taxonomy":"product_tag","embeddable":true,"href":"https:\/\/store.ie.edu\/es\/wp-json\/wp\/v2\/product_tag?post=143730"}],"curies":[{"name":"wp","href":"https:\/\/api.w.org\/{rel}","templated":true}]}}