{"id":143720,"date":"2024-10-15T16:35:42","date_gmt":"2024-10-15T14:35:42","guid":{"rendered":"https:\/\/store.ie.edu\/product\/sin%20categor\u00eda\/tumbler-mad-seg-ieu\/"},"modified":"2026-03-16T17:28:10","modified_gmt":"2026-03-16T16:28:10","slug":"tumbler-mad-seg-ieu","status":"publish","type":"product","link":"https:\/\/store.ie.edu\/es\/producto\/accesorios\/botellas-y-tazas\/tumbler-mad-seg-ieu\/","title":{"rendered":"Vaso Termico IEU Madrid-Segovia Campus"},"content":{"rendered":"","protected":false},"excerpt":{"rendered":"<p>Vaso t\u00e9rmico con  el logo de IE UNIVERSITY, que permite mantener las bebidas fr\u00edas durante 10 horas y calientes durante 5 horas, gracias a su exclusiva tecnolog\u00eda Triple Cool\u2122 (tres paredes de acero inoxidable 18\/8-304 de grado alimenticio). Libre de BPA. Capacidad: 330 ml; Altura: 14 cm; Di\u00e1metro: 8,7 cm &#8211; 7,2 cm; Peso: 245 g. Dise\u00f1o exclusivo de los \u00edconos m\u00e1s emblem\u00e1ticos de las dos ciudades enblanco y  dos tonos de azul. Tapa herm\u00e9tica: tapa a prueba de fugas con espacio especial para pajitas. Solo se puede lavar a mano.<\/p>\n","protected":false},"featured_media":143713,"comment_status":"open","ping_status":"closed","template":"","meta":{"_seopress_robots_primary_cat":"none","_seopress_titles_title":"","_seopress_titles_desc":"","_seopress_robots_index":""},"product_brand":[],"product_cat":[464,201,910,293,469],"product_tag":[],"class_list":{"0":"post-143720","1":"product","2":"type-product","3":"status-publish","4":"has-post-thumbnail","6":"product_cat-accesorios","7":"product_cat-accessorios","8":"product_cat-bestsellers-es","9":"product_cat-botellas-tazas","10":"product_cat-botellas-y-tazas","12":"first","13":"instock","14":"taxable","15":"shipping-taxable","16":"purchasable","17":"product-type-simple","18":"thumb-has-effect","19":"prod-rating-off"},"_links":{"self":[{"href":"https:\/\/store.ie.edu\/es\/wp-json\/wp\/v2\/product\/143720","targetHints":{"allow":["GET"]}}],"collection":[{"href":"https:\/\/store.ie.edu\/es\/wp-json\/wp\/v2\/product"}],"about":[{"href":"https:\/\/store.ie.edu\/es\/wp-json\/wp\/v2\/types\/product"}],"replies":[{"embeddable":true,"href":"https:\/\/store.ie.edu\/es\/wp-json\/wp\/v2\/comments?post=143720"}],"wp:featuredmedia":[{"embeddable":true,"href":"https:\/\/store.ie.edu\/es\/wp-json\/wp\/v2\/media\/143713"}],"wp:attachment":[{"href":"https:\/\/store.ie.edu\/es\/wp-json\/wp\/v2\/media?parent=143720"}],"wp:term":[{"taxonomy":"product_brand","embeddable":true,"href":"https:\/\/store.ie.edu\/es\/wp-json\/wp\/v2\/product_brand?post=143720"},{"taxonomy":"product_cat","embeddable":true,"href":"https:\/\/store.ie.edu\/es\/wp-json\/wp\/v2\/product_cat?post=143720"},{"taxonomy":"product_tag","embeddable":true,"href":"https:\/\/store.ie.edu\/es\/wp-json\/wp\/v2\/product_tag?post=143720"}],"curies":[{"name":"wp","href":"https:\/\/api.w.org\/{rel}","templated":true}]}}