{"id":143675,"date":"2024-10-15T14:23:58","date_gmt":"2024-10-15T12:23:58","guid":{"rendered":"https:\/\/store.ie.edu\/product\/sin%20categor\u00eda\/cap-l-a-ieu\/"},"modified":"2026-03-23T18:49:24","modified_gmt":"2026-03-23T17:49:24","slug":"cap-l-a-ieu","status":"publish","type":"product","link":"https:\/\/store.ie.edu\/es\/producto\/accesorios\/gorras-accesorios\/cap-l-a-ieu\/","title":{"rendered":"<b>Gorra L.A IEU<\/b>"},"content":{"rendered":"","protected":false},"excerpt":{"rendered":"<p>Con un parche bordado en azul que muestra el a\u00f1o de fundaci\u00f3n de nuestra universidad, esta gorra de 100% algod\u00f3n es el accesorio ideal para cualquier atuendo casual. La banda para el sudor absorbe la humedad para mayor comodidad, y su visera precurvada a\u00f1ade un toque elegante. Con cierre de hebilla ajustable, garantiza un ajuste c\u00f3modo y personalizado. Talla \u00fanica para adultos.<\/p>\n","protected":false},"featured_media":143674,"comment_status":"open","ping_status":"closed","template":"","meta":{"_seopress_robots_primary_cat":"none","_seopress_titles_title":"","_seopress_titles_desc":"","_seopress_robots_index":""},"product_brand":[],"product_cat":[464,467],"product_tag":[],"class_list":{"0":"post-143675","1":"product","2":"type-product","3":"status-publish","4":"has-post-thumbnail","6":"product_cat-accesorios","7":"product_cat-gorras-accesorios","9":"first","10":"instock","11":"taxable","12":"shipping-taxable","13":"purchasable","14":"product-type-simple","15":"thumb-has-effect","16":"prod-rating-off"},"_links":{"self":[{"href":"https:\/\/store.ie.edu\/es\/wp-json\/wp\/v2\/product\/143675","targetHints":{"allow":["GET"]}}],"collection":[{"href":"https:\/\/store.ie.edu\/es\/wp-json\/wp\/v2\/product"}],"about":[{"href":"https:\/\/store.ie.edu\/es\/wp-json\/wp\/v2\/types\/product"}],"replies":[{"embeddable":true,"href":"https:\/\/store.ie.edu\/es\/wp-json\/wp\/v2\/comments?post=143675"}],"wp:featuredmedia":[{"embeddable":true,"href":"https:\/\/store.ie.edu\/es\/wp-json\/wp\/v2\/media\/143674"}],"wp:attachment":[{"href":"https:\/\/store.ie.edu\/es\/wp-json\/wp\/v2\/media?parent=143675"}],"wp:term":[{"taxonomy":"product_brand","embeddable":true,"href":"https:\/\/store.ie.edu\/es\/wp-json\/wp\/v2\/product_brand?post=143675"},{"taxonomy":"product_cat","embeddable":true,"href":"https:\/\/store.ie.edu\/es\/wp-json\/wp\/v2\/product_cat?post=143675"},{"taxonomy":"product_tag","embeddable":true,"href":"https:\/\/store.ie.edu\/es\/wp-json\/wp\/v2\/product_tag?post=143675"}],"curies":[{"name":"wp","href":"https:\/\/api.w.org\/{rel}","templated":true}]}}