{"id":143658,"date":"2024-10-11T17:56:50","date_gmt":"2024-10-11T15:56:50","guid":{"rendered":"https:\/\/store.ie.edu\/product\/sin%20categor\u00eda\/cap-texas-ieu\/"},"modified":"2026-03-23T18:49:14","modified_gmt":"2026-03-23T17:49:14","slug":"cap-texas-ieu","status":"publish","type":"product","link":"https:\/\/store.ie.edu\/es\/producto\/accesorios\/gorras-accesorios\/cap-texas-ieu\/","title":{"rendered":"<b>Gorra Texas IEU<\/b>"},"content":{"rendered":"","protected":false},"excerpt":{"rendered":"<p>La gorra trucker en azul lavado cuenta con una parte trasera de malla color arena, ideal para mantenerse fresco en climas c\u00e1lidos. Destaca con un parche rectangular que muestra el a\u00f1o de fundaci\u00f3n de nuestra universidad, a\u00f1adiendo un toque \u00fanico. Talla \u00fanica para adultos, con una parte frontal de algod\u00f3n y un cierre ajustable tipo snapback para un ajuste f\u00e1cil. Su dise\u00f1o de 5 paneles incluye uuna visera precurvada con 3 costuras para mayor durabilidad.<\/p>\n","protected":false},"featured_media":143653,"comment_status":"open","ping_status":"closed","template":"","meta":{"_seopress_robots_primary_cat":"none","_seopress_titles_title":"","_seopress_titles_desc":"","_seopress_robots_index":""},"product_brand":[],"product_cat":[464,467],"product_tag":[],"class_list":{"0":"post-143658","1":"product","2":"type-product","3":"status-publish","4":"has-post-thumbnail","6":"product_cat-accesorios","7":"product_cat-gorras-accesorios","9":"first","10":"instock","11":"taxable","12":"shipping-taxable","13":"purchasable","14":"product-type-simple","15":"thumb-has-effect","16":"prod-rating-off"},"_links":{"self":[{"href":"https:\/\/store.ie.edu\/es\/wp-json\/wp\/v2\/product\/143658","targetHints":{"allow":["GET"]}}],"collection":[{"href":"https:\/\/store.ie.edu\/es\/wp-json\/wp\/v2\/product"}],"about":[{"href":"https:\/\/store.ie.edu\/es\/wp-json\/wp\/v2\/types\/product"}],"replies":[{"embeddable":true,"href":"https:\/\/store.ie.edu\/es\/wp-json\/wp\/v2\/comments?post=143658"}],"wp:featuredmedia":[{"embeddable":true,"href":"https:\/\/store.ie.edu\/es\/wp-json\/wp\/v2\/media\/143653"}],"wp:attachment":[{"href":"https:\/\/store.ie.edu\/es\/wp-json\/wp\/v2\/media?parent=143658"}],"wp:term":[{"taxonomy":"product_brand","embeddable":true,"href":"https:\/\/store.ie.edu\/es\/wp-json\/wp\/v2\/product_brand?post=143658"},{"taxonomy":"product_cat","embeddable":true,"href":"https:\/\/store.ie.edu\/es\/wp-json\/wp\/v2\/product_cat?post=143658"},{"taxonomy":"product_tag","embeddable":true,"href":"https:\/\/store.ie.edu\/es\/wp-json\/wp\/v2\/product_tag?post=143658"}],"curies":[{"name":"wp","href":"https:\/\/api.w.org\/{rel}","templated":true}]}}