{"id":143624,"date":"2024-10-11T14:44:42","date_gmt":"2024-10-11T12:44:42","guid":{"rendered":"https:\/\/store.ie.edu\/product\/sin%20categor\u00eda\/cap-dad-hat-ie-university\/"},"modified":"2025-11-25T13:15:15","modified_gmt":"2025-11-25T12:15:15","slug":"cap-dad-hat-ie-university","status":"publish","type":"product","link":"https:\/\/store.ie.edu\/es\/producto\/accessorios\/gorras\/cap-dad-hat-ie-university\/","title":{"rendered":"<b>Gorra  Dad Hat IEU<\/b>"},"content":{"rendered":"","protected":false},"excerpt":{"rendered":"<p>La Gorra &#8220;Dad Hat&#8221; surgi\u00f3 en la d\u00e9cada de 1990 y gan\u00f3 popularidad gracias al pasatiempo favorito de Am\u00e9rica: el b\u00e9isbol. Conocida por su curvatura suave y su ajuste relajado, esta gorra se convirti\u00f3 en un elemento b\u00e1sico entre los padres de esa \u00e9poca, simbolizando la moda casual y nost\u00e1lgica.<\/p>\n","protected":false},"featured_media":144402,"comment_status":"open","ping_status":"closed","template":"","meta":{"_seopress_robots_primary_cat":"none","_seopress_titles_title":"","_seopress_titles_desc":"","_seopress_robots_index":""},"product_brand":[],"product_cat":[201,207],"product_tag":[],"class_list":{"0":"post-143624","1":"product","2":"type-product","3":"status-publish","4":"has-post-thumbnail","6":"product_cat-accessorios","7":"product_cat-gorras","9":"first","10":"instock","11":"taxable","12":"shipping-taxable","13":"purchasable","14":"product-type-simple","15":"thumb-has-effect","16":"prod-rating-off"},"_links":{"self":[{"href":"https:\/\/store.ie.edu\/es\/wp-json\/wp\/v2\/product\/143624","targetHints":{"allow":["GET"]}}],"collection":[{"href":"https:\/\/store.ie.edu\/es\/wp-json\/wp\/v2\/product"}],"about":[{"href":"https:\/\/store.ie.edu\/es\/wp-json\/wp\/v2\/types\/product"}],"replies":[{"embeddable":true,"href":"https:\/\/store.ie.edu\/es\/wp-json\/wp\/v2\/comments?post=143624"}],"wp:featuredmedia":[{"embeddable":true,"href":"https:\/\/store.ie.edu\/es\/wp-json\/wp\/v2\/media\/144402"}],"wp:attachment":[{"href":"https:\/\/store.ie.edu\/es\/wp-json\/wp\/v2\/media?parent=143624"}],"wp:term":[{"taxonomy":"product_brand","embeddable":true,"href":"https:\/\/store.ie.edu\/es\/wp-json\/wp\/v2\/product_brand?post=143624"},{"taxonomy":"product_cat","embeddable":true,"href":"https:\/\/store.ie.edu\/es\/wp-json\/wp\/v2\/product_cat?post=143624"},{"taxonomy":"product_tag","embeddable":true,"href":"https:\/\/store.ie.edu\/es\/wp-json\/wp\/v2\/product_tag?post=143624"}],"curies":[{"name":"wp","href":"https:\/\/api.w.org\/{rel}","templated":true}]}}