{"id":143608,"date":"2024-10-10T23:04:46","date_gmt":"2024-10-10T21:04:46","guid":{"rendered":"https:\/\/store.ie.edu\/product\/sin%20categor\u00eda\/croptop-t-shirt-ieu\/"},"modified":"2026-03-06T10:58:46","modified_gmt":"2026-03-06T09:58:46","slug":"croptop-t-shirt-ieu","status":"publish","type":"product","link":"https:\/\/store.ie.edu\/es\/producto\/mujer\/camisetas-mujer\/croptop-t-shirt-ieu\/","title":{"rendered":"Camiseta  Croptop IEU"},"content":{"rendered":"","protected":false},"excerpt":{"rendered":"<p>Top corto sin mangas fabricado \u00e9ticamente. Ecol\u00f3gico. Confeccionado en 100% algod\u00f3n org\u00e1nico, este top es ideal para un armario sostenible. Interior de algod\u00f3n peinado que ofrece suavidad. Ajuste relajado, costuras laterales y ribete 1&#215;1 en el cuello y las sisas. La parte interna del cuello cuenta con una costura cubierta del mismo material, brindando comodidad y durabilidad.<\/p>\n","protected":false},"featured_media":143593,"comment_status":"open","ping_status":"closed","template":"","meta":{"_seopress_robots_primary_cat":"none","_seopress_titles_title":"","_seopress_titles_desc":"","_seopress_robots_index":""},"product_brand":[],"product_cat":[205,952],"product_tag":[],"class_list":{"0":"post-143608","1":"product","2":"type-product","3":"status-publish","4":"has-post-thumbnail","6":"product_cat-camisetas-mujer","7":"product_cat-ultimas-unidades","9":"first","10":"instock","11":"sale","12":"taxable","13":"shipping-taxable","14":"purchasable","15":"product-type-variable","16":"thumb-has-effect","17":"prod-rating-off"},"_links":{"self":[{"href":"https:\/\/store.ie.edu\/es\/wp-json\/wp\/v2\/product\/143608","targetHints":{"allow":["GET"]}}],"collection":[{"href":"https:\/\/store.ie.edu\/es\/wp-json\/wp\/v2\/product"}],"about":[{"href":"https:\/\/store.ie.edu\/es\/wp-json\/wp\/v2\/types\/product"}],"replies":[{"embeddable":true,"href":"https:\/\/store.ie.edu\/es\/wp-json\/wp\/v2\/comments?post=143608"}],"wp:featuredmedia":[{"embeddable":true,"href":"https:\/\/store.ie.edu\/es\/wp-json\/wp\/v2\/media\/143593"}],"wp:attachment":[{"href":"https:\/\/store.ie.edu\/es\/wp-json\/wp\/v2\/media?parent=143608"}],"wp:term":[{"taxonomy":"product_brand","embeddable":true,"href":"https:\/\/store.ie.edu\/es\/wp-json\/wp\/v2\/product_brand?post=143608"},{"taxonomy":"product_cat","embeddable":true,"href":"https:\/\/store.ie.edu\/es\/wp-json\/wp\/v2\/product_cat?post=143608"},{"taxonomy":"product_tag","embeddable":true,"href":"https:\/\/store.ie.edu\/es\/wp-json\/wp\/v2\/product_tag?post=143608"}],"curies":[{"name":"wp","href":"https:\/\/api.w.org\/{rel}","templated":true}]}}