{"id":143562,"date":"2024-10-10T22:12:50","date_gmt":"2024-10-10T20:12:50","guid":{"rendered":"https:\/\/store.ie.edu\/product\/sin%20categor\u00eda\/t-shirt-kids-smile-ieu-2\/"},"modified":"2024-10-11T16:56:54","modified_gmt":"2024-10-11T14:56:54","slug":"t-shirt-kids-smile-ieu-2","status":"publish","type":"product","link":"https:\/\/store.ie.edu\/es\/producto\/ninos\/camisetas-ninos\/t-shirt-kids-smile-ieu-2\/","title":{"rendered":"Camiseta Ni\u00f1o Happy IEU"},"content":{"rendered":"","protected":false},"excerpt":{"rendered":"<p>Con una alegre cara amarilla y sonriente en la parte de atr\u00e1s transmite alegr\u00eda y positividad. Esta camiseta para ni\u00f1os, hecha de 100% algod\u00f3n org\u00e1nico reciclado, ofrece comodidad y sostenibilidad. Su color crudo moderno combina perfectamente con su dise\u00f1o juguet\u00f3n. Disponible para edades de 3 a 12 a\u00f1os, es la mezcla ideal de estilo y sostenibilidad para el uso diario.<\/p>\n","protected":false},"featured_media":144394,"comment_status":"open","ping_status":"closed","template":"","meta":{"_seopress_robots_primary_cat":"none","_seopress_titles_title":"","_seopress_titles_desc":"","_seopress_robots_index":""},"product_brand":[],"product_cat":[232,228],"product_tag":[],"class_list":{"0":"post-143562","1":"product","2":"type-product","3":"status-publish","4":"has-post-thumbnail","6":"product_cat-camisetas-ninos","7":"product_cat-ninos","9":"first","10":"instock","11":"taxable","12":"shipping-taxable","13":"purchasable","14":"product-type-variable","15":"thumb-has-effect","16":"prod-rating-off"},"_links":{"self":[{"href":"https:\/\/store.ie.edu\/es\/wp-json\/wp\/v2\/product\/143562","targetHints":{"allow":["GET"]}}],"collection":[{"href":"https:\/\/store.ie.edu\/es\/wp-json\/wp\/v2\/product"}],"about":[{"href":"https:\/\/store.ie.edu\/es\/wp-json\/wp\/v2\/types\/product"}],"replies":[{"embeddable":true,"href":"https:\/\/store.ie.edu\/es\/wp-json\/wp\/v2\/comments?post=143562"}],"wp:featuredmedia":[{"embeddable":true,"href":"https:\/\/store.ie.edu\/es\/wp-json\/wp\/v2\/media\/144394"}],"wp:attachment":[{"href":"https:\/\/store.ie.edu\/es\/wp-json\/wp\/v2\/media?parent=143562"}],"wp:term":[{"taxonomy":"product_brand","embeddable":true,"href":"https:\/\/store.ie.edu\/es\/wp-json\/wp\/v2\/product_brand?post=143562"},{"taxonomy":"product_cat","embeddable":true,"href":"https:\/\/store.ie.edu\/es\/wp-json\/wp\/v2\/product_cat?post=143562"},{"taxonomy":"product_tag","embeddable":true,"href":"https:\/\/store.ie.edu\/es\/wp-json\/wp\/v2\/product_tag?post=143562"}],"curies":[{"name":"wp","href":"https:\/\/api.w.org\/{rel}","templated":true}]}}