{"id":143519,"date":"2024-10-10T18:26:31","date_gmt":"2024-10-10T16:26:31","guid":{"rendered":"https:\/\/store.ie.edu\/product\/sin%20categor\u00eda\/cap-trucker-case-ieu\/"},"modified":"2024-10-10T18:28:28","modified_gmt":"2024-10-10T16:28:28","slug":"cap-trucker-case-ieu","status":"publish","type":"product","link":"https:\/\/store.ie.edu\/es\/producto\/accessorios\/gorras\/cap-trucker-case-ieu\/","title":{"rendered":"Gorra Trucker Case IEU"},"content":{"rendered":"","protected":false},"excerpt":{"rendered":"<p>\u00a1Presentamos nuestra gorra trucker en azul lavado! Malla transpirable en tonos tierra para la parte trasera que te mantiene fresco y c\u00f3modo. Talla \u00fanica. La parte frontal de algod\u00f3n muestra una divertida cara sonriente bordada. Resistente dise\u00f1o de 5 paneles con una visera precurvada y un cierre ajustable tipo snapback para un ajuste perfecto.<\/p>\n","protected":false},"featured_media":144881,"comment_status":"open","ping_status":"closed","template":"","meta":{"_seopress_robots_primary_cat":"none","_seopress_titles_title":"","_seopress_titles_desc":"","_seopress_robots_index":""},"product_brand":[],"product_cat":[201,207],"product_tag":[],"class_list":{"0":"post-143519","1":"product","2":"type-product","3":"status-publish","4":"has-post-thumbnail","6":"product_cat-accessorios","7":"product_cat-gorras","9":"first","10":"instock","11":"taxable","12":"shipping-taxable","13":"purchasable","14":"product-type-simple","15":"thumb-has-effect","16":"prod-rating-off"},"_links":{"self":[{"href":"https:\/\/store.ie.edu\/es\/wp-json\/wp\/v2\/product\/143519","targetHints":{"allow":["GET"]}}],"collection":[{"href":"https:\/\/store.ie.edu\/es\/wp-json\/wp\/v2\/product"}],"about":[{"href":"https:\/\/store.ie.edu\/es\/wp-json\/wp\/v2\/types\/product"}],"replies":[{"embeddable":true,"href":"https:\/\/store.ie.edu\/es\/wp-json\/wp\/v2\/comments?post=143519"}],"wp:featuredmedia":[{"embeddable":true,"href":"https:\/\/store.ie.edu\/es\/wp-json\/wp\/v2\/media\/144881"}],"wp:attachment":[{"href":"https:\/\/store.ie.edu\/es\/wp-json\/wp\/v2\/media?parent=143519"}],"wp:term":[{"taxonomy":"product_brand","embeddable":true,"href":"https:\/\/store.ie.edu\/es\/wp-json\/wp\/v2\/product_brand?post=143519"},{"taxonomy":"product_cat","embeddable":true,"href":"https:\/\/store.ie.edu\/es\/wp-json\/wp\/v2\/product_cat?post=143519"},{"taxonomy":"product_tag","embeddable":true,"href":"https:\/\/store.ie.edu\/es\/wp-json\/wp\/v2\/product_tag?post=143519"}],"curies":[{"name":"wp","href":"https:\/\/api.w.org\/{rel}","templated":true}]}}