{"id":143515,"date":"2024-10-10T18:15:25","date_gmt":"2024-10-10T16:15:25","guid":{"rendered":"https:\/\/store.ie.edu\/product\/sin%20categor\u00eda\/cap-atlantis-sonic-ieu\/"},"modified":"2024-10-10T18:17:30","modified_gmt":"2024-10-10T16:17:30","slug":"cap-atlantis-sonic-ieu","status":"publish","type":"product","link":"https:\/\/store.ie.edu\/es\/producto\/accessorios\/gorras\/cap-atlantis-sonic-ieu\/","title":{"rendered":"Gorra Atlantis Sonic IEU"},"content":{"rendered":"","protected":false},"excerpt":{"rendered":"<p>Esta gorra presenta un atrevido parche con la frase &#8220;We Are the Game Changers&#8221;, haciendo una declaraci\u00f3n dondequiera que vayas. Cuenta con una parte trasera de malla transpirable, ideal para mantenerte fresco incluso en climas c\u00e1lidos. Es de talla \u00fanica para adultos, con una parte frontal de algod\u00f3n y un cierre ajustable tipo snapback para un ajuste f\u00e1cil. Su dise\u00f1o de 5 paneles incluyeuna visera precurvada con 4 costuras para mayor durabilidad.<\/p>\n","protected":false},"featured_media":144887,"comment_status":"open","ping_status":"closed","template":"","meta":{"_seopress_robots_primary_cat":"none","_seopress_titles_title":"","_seopress_titles_desc":"","_seopress_robots_index":""},"product_brand":[],"product_cat":[201,207],"product_tag":[],"class_list":{"0":"post-143515","1":"product","2":"type-product","3":"status-publish","4":"has-post-thumbnail","6":"product_cat-accessorios","7":"product_cat-gorras","9":"first","10":"instock","11":"taxable","12":"shipping-taxable","13":"purchasable","14":"product-type-simple","15":"thumb-has-effect","16":"prod-rating-off"},"_links":{"self":[{"href":"https:\/\/store.ie.edu\/es\/wp-json\/wp\/v2\/product\/143515","targetHints":{"allow":["GET"]}}],"collection":[{"href":"https:\/\/store.ie.edu\/es\/wp-json\/wp\/v2\/product"}],"about":[{"href":"https:\/\/store.ie.edu\/es\/wp-json\/wp\/v2\/types\/product"}],"replies":[{"embeddable":true,"href":"https:\/\/store.ie.edu\/es\/wp-json\/wp\/v2\/comments?post=143515"}],"wp:featuredmedia":[{"embeddable":true,"href":"https:\/\/store.ie.edu\/es\/wp-json\/wp\/v2\/media\/144887"}],"wp:attachment":[{"href":"https:\/\/store.ie.edu\/es\/wp-json\/wp\/v2\/media?parent=143515"}],"wp:term":[{"taxonomy":"product_brand","embeddable":true,"href":"https:\/\/store.ie.edu\/es\/wp-json\/wp\/v2\/product_brand?post=143515"},{"taxonomy":"product_cat","embeddable":true,"href":"https:\/\/store.ie.edu\/es\/wp-json\/wp\/v2\/product_cat?post=143515"},{"taxonomy":"product_tag","embeddable":true,"href":"https:\/\/store.ie.edu\/es\/wp-json\/wp\/v2\/product_tag?post=143515"}],"curies":[{"name":"wp","href":"https:\/\/api.w.org\/{rel}","templated":true}]}}