{"id":143511,"date":"2024-10-10T18:00:33","date_gmt":"2024-10-10T16:00:33","guid":{"rendered":"https:\/\/store.ie.edu\/product\/sin%20categor\u00eda\/cap-rapper-canvas-ieu\/"},"modified":"2026-03-23T18:50:12","modified_gmt":"2026-03-23T17:50:12","slug":"cap-rapper-canvas-ieu","status":"publish","type":"product","link":"https:\/\/store.ie.edu\/es\/producto\/accessorios\/gorras\/cap-rapper-canvas-ieu\/","title":{"rendered":"<b>Gorra Rapper Canvas IEU<\/b>"},"content":{"rendered":"","protected":false},"excerpt":{"rendered":"<p>Gorra trucker azul marino con una parte trasera de malla transpirable. Elegante parche representando el globoterr\u00e1queo en el frente. Talla \u00fanica para adultos, con una parte frontal de algod\u00f3n y un cierre ajustable tipo snapback para un ajuste perfecto. Su dise\u00f1o de 5 paneles incluye una visera precurvada con 4 costuras y paneles de malla que mejoran la ventilaci\u00f3n, manteni\u00e9ndote fresco incluso en verano.<\/p>\n<p>&nbsp;<\/p>\n","protected":false},"featured_media":144891,"comment_status":"open","ping_status":"closed","template":"","meta":{"_seopress_robots_primary_cat":"none","_seopress_titles_title":"","_seopress_titles_desc":"","_seopress_robots_index":""},"product_brand":[],"product_cat":[201,207],"product_tag":[],"class_list":{"0":"post-143511","1":"product","2":"type-product","3":"status-publish","4":"has-post-thumbnail","6":"product_cat-accessorios","7":"product_cat-gorras","9":"first","10":"instock","11":"taxable","12":"shipping-taxable","13":"purchasable","14":"product-type-simple","15":"thumb-has-effect","16":"prod-rating-off"},"_links":{"self":[{"href":"https:\/\/store.ie.edu\/es\/wp-json\/wp\/v2\/product\/143511","targetHints":{"allow":["GET"]}}],"collection":[{"href":"https:\/\/store.ie.edu\/es\/wp-json\/wp\/v2\/product"}],"about":[{"href":"https:\/\/store.ie.edu\/es\/wp-json\/wp\/v2\/types\/product"}],"replies":[{"embeddable":true,"href":"https:\/\/store.ie.edu\/es\/wp-json\/wp\/v2\/comments?post=143511"}],"wp:featuredmedia":[{"embeddable":true,"href":"https:\/\/store.ie.edu\/es\/wp-json\/wp\/v2\/media\/144891"}],"wp:attachment":[{"href":"https:\/\/store.ie.edu\/es\/wp-json\/wp\/v2\/media?parent=143511"}],"wp:term":[{"taxonomy":"product_brand","embeddable":true,"href":"https:\/\/store.ie.edu\/es\/wp-json\/wp\/v2\/product_brand?post=143511"},{"taxonomy":"product_cat","embeddable":true,"href":"https:\/\/store.ie.edu\/es\/wp-json\/wp\/v2\/product_cat?post=143511"},{"taxonomy":"product_tag","embeddable":true,"href":"https:\/\/store.ie.edu\/es\/wp-json\/wp\/v2\/product_tag?post=143511"}],"curies":[{"name":"wp","href":"https:\/\/api.w.org\/{rel}","templated":true}]}}